{"id":2921,"date":"2019-04-25T17:02:33","date_gmt":"2019-04-25T15:02:33","guid":{"rendered":"http:\/\/wp.stvauw.ch\/juspo\/?page_id=2921"},"modified":"2019-04-25T17:08:22","modified_gmt":"2019-04-25T15:08:22","slug":"upload-portal","status":"publish","type":"page","link":"https:\/\/stvauw.ch\/juspo\/upload-portal\/","title":{"rendered":"Upload-Portal"},"content":{"rendered":"<p>[et_pb_section fb_built=&#8221;1&#8243; _builder_version=&#8221;3.19.18&#8243;][et_pb_row _builder_version=&#8221;3.19.18&#8243;][et_pb_column type=&#8221;4_4&#8243; _builder_version=&#8221;3.19.18&#8243;][et_pb_post_title meta=&#8221;off&#8221; featured_image=&#8221;off&#8221; _builder_version=&#8221;3.19.18&#8243; text_orientation=&#8221;center&#8221; title_font=&#8221;|600|||||||&#8221; title_text_align=&#8221;center&#8221; title_font_size=&#8221;30px&#8221;][\/et_pb_post_title][et_pb_text _builder_version=&#8221;3.19.18&#8243; text_font=&#8221;||||||||&#8221; text_orientation=&#8221;center&#8221;]<\/p>\n<p>Hast du coole Fotos oder Videos von einem Wettkampf und m\u00f6chstest diese mit uns teilen? Dann kannst Du sie mit einem Klick auf den roten Button f\u00fcr uns hochladen. Wir danken Dir f\u00fcr Deine Unterst\u00fctzung!<\/p>\n<p>[\/et_pb_text][et_pb_button button_url=&#8221;https:\/\/www.dropbox.com\/request\/y7ynvAlJ60P42zgTxOOX&#8221; url_new_window=&#8221;on&#8221; button_text=&#8221;Foto-Upload&#8221; button_alignment=&#8221;center&#8221; _builder_version=&#8221;3.19.18&#8243; custom_button=&#8221;on&#8221; button_text_color=&#8221;#ffffff&#8221; button_bg_color=&#8221;#e02b20&#8243; button_border_color=&#8221;#464646&#8243; button_font=&#8221;||||||||&#8221; button_icon=&#8221;%%28%%&#8221; box_shadow_style=&#8221;preset1&#8243;][\/et_pb_button][\/et_pb_column][\/et_pb_row][\/et_pb_section]<\/p>\n","protected":false},"excerpt":{"rendered":"<p>Hast du coole Fotos oder Videos von einem Wettkampf und m\u00f6chstest diese mit uns teilen? Dann kannst Du sie mit einem Klick auf den roten Button f\u00fcr uns hochladen. Wir danken Dir f\u00fcr Deine Unterst\u00fctzung!<\/p>\n","protected":false},"author":2,"featured_media":0,"parent":0,"menu_order":0,"comment_status":"closed","ping_status":"closed","template":"","meta":{"_et_pb_use_builder":"on","_et_pb_old_content":"","_et_gb_content_width":"","footnotes":""},"class_list":["post-2921","page","type-page","status-publish","hentry"],"_links":{"self":[{"href":"https:\/\/stvauw.ch\/juspo\/wp-json\/wp\/v2\/pages\/2921","targetHints":{"allow":["GET"]}}],"collection":[{"href":"https:\/\/stvauw.ch\/juspo\/wp-json\/wp\/v2\/pages"}],"about":[{"href":"https:\/\/stvauw.ch\/juspo\/wp-json\/wp\/v2\/types\/page"}],"author":[{"embeddable":true,"href":"https:\/\/stvauw.ch\/juspo\/wp-json\/wp\/v2\/users\/2"}],"replies":[{"embeddable":true,"href":"https:\/\/stvauw.ch\/juspo\/wp-json\/wp\/v2\/comments?post=2921"}],"version-history":[{"count":5,"href":"https:\/\/stvauw.ch\/juspo\/wp-json\/wp\/v2\/pages\/2921\/revisions"}],"predecessor-version":[{"id":2929,"href":"https:\/\/stvauw.ch\/juspo\/wp-json\/wp\/v2\/pages\/2921\/revisions\/2929"}],"wp:attachment":[{"href":"https:\/\/stvauw.ch\/juspo\/wp-json\/wp\/v2\/media?parent=2921"}],"curies":[{"name":"wp","href":"https:\/\/api.w.org\/{rel}","templated":true}]}}