{"id":5738,"date":"2023-07-18T10:55:23","date_gmt":"2023-07-18T08:55:23","guid":{"rendered":"https:\/\/stvauw.ch\/juspo\/?page_id=5738"},"modified":"2023-07-18T11:04:58","modified_gmt":"2023-07-18T09:04:58","slug":"sponsoren-2","status":"publish","type":"page","link":"https:\/\/stvauw.ch\/juspo\/sponsoren-2\/","title":{"rendered":"Sponsoren"},"content":{"rendered":"<p>[et_pb_section fb_built=&#8221;1&#8243; _builder_version=&#8221;3.19.18&#8243;][et_pb_row _builder_version=&#8221;3.19.18&#8243; custom_padding=&#8221;27px|0px|28px|0px|false|false&#8221;][et_pb_column type=&#8221;4_4&#8243; _builder_version=&#8221;3.19.18&#8243;][et_pb_post_title meta=&#8221;off&#8221; _builder_version=&#8221;3.19.18&#8243; title_font=&#8221;|700|||||||&#8221; title_font_size=&#8221;35px&#8221;][\/et_pb_post_title][\/et_pb_column][\/et_pb_row][et_pb_row _builder_version=&#8221;3.19.18&#8243; custom_padding=&#8221;0|0px|27px|0px|false|false&#8221;][et_pb_column type=&#8221;1_2&#8243; _builder_version=&#8221;3.19.18&#8243;][et_pb_image src=&#8221;https:\/\/stvauw.ch\/juspo\/wp-content\/uploads\/sites\/5\/2023\/07\/Logo_Garage_Gretener.jpg&#8221; _builder_version=&#8221;3.19.18&#8243; url=&#8221;https:\/\/garage-gretener.ch\/&#8221;][\/et_pb_image][\/et_pb_column][et_pb_column type=&#8221;1_2&#8243; _builder_version=&#8221;3.19.18&#8243;][et_pb_text _builder_version=&#8221;3.19.18&#8243;]<\/p>\n<p>&nbsp;<\/p>\n<p><strong><\/strong><\/p>\n<p><strong><\/strong><\/p>\n<p><strong><\/strong><\/p>\n<p><strong><\/strong><\/p>\n<p><strong><\/strong><\/p>\n<p><strong style=\"font-size: 14px;\">&#8220;Garage Gretener macht mobil\u00a0 &#8211;\u00a0 f\u00fcr Sport und Spiel!&#8221;<\/strong><strong><\/strong><\/p>\n<p>Bereits seit vielen d\u00fcrfen wir auf die mobile Unterst\u00fctzung der Garage Gretener z\u00e4hlen. Uns steht ein Bus mit 14 Pl\u00e4tzen zur Verf\u00fcgung, der auf dem Weg an die Wettk\u00e4mpfe Komfort und Sicherheit bietet. Wir wissen diesen Standard sehr zu sch\u00e4tzen, ganz herzlichen Dank.<\/p>\n<p>[\/et_pb_text][\/et_pb_column][\/et_pb_row][\/et_pb_section]<\/p>\n","protected":false},"excerpt":{"rendered":"<p>&nbsp; &#8220;Garage Gretener macht mobil\u00a0 &#8211;\u00a0 f\u00fcr Sport und Spiel!&#8221; Bereits seit vielen d\u00fcrfen wir auf die mobile Unterst\u00fctzung der Garage Gretener z\u00e4hlen. Uns steht ein Bus mit 14 Pl\u00e4tzen zur Verf\u00fcgung, der auf dem Weg an die Wettk\u00e4mpfe Komfort und Sicherheit bietet. Wir wissen diesen Standard sehr zu sch\u00e4tzen, ganz herzlichen Dank.<\/p>\n","protected":false},"author":3,"featured_media":0,"parent":0,"menu_order":0,"comment_status":"closed","ping_status":"closed","template":"","meta":{"_et_pb_use_builder":"on","_et_pb_old_content":"","_et_gb_content_width":"","footnotes":""},"class_list":["post-5738","page","type-page","status-publish","hentry"],"_links":{"self":[{"href":"https:\/\/stvauw.ch\/juspo\/wp-json\/wp\/v2\/pages\/5738","targetHints":{"allow":["GET"]}}],"collection":[{"href":"https:\/\/stvauw.ch\/juspo\/wp-json\/wp\/v2\/pages"}],"about":[{"href":"https:\/\/stvauw.ch\/juspo\/wp-json\/wp\/v2\/types\/page"}],"author":[{"embeddable":true,"href":"https:\/\/stvauw.ch\/juspo\/wp-json\/wp\/v2\/users\/3"}],"replies":[{"embeddable":true,"href":"https:\/\/stvauw.ch\/juspo\/wp-json\/wp\/v2\/comments?post=5738"}],"version-history":[{"count":3,"href":"https:\/\/stvauw.ch\/juspo\/wp-json\/wp\/v2\/pages\/5738\/revisions"}],"predecessor-version":[{"id":5743,"href":"https:\/\/stvauw.ch\/juspo\/wp-json\/wp\/v2\/pages\/5738\/revisions\/5743"}],"wp:attachment":[{"href":"https:\/\/stvauw.ch\/juspo\/wp-json\/wp\/v2\/media?parent=5738"}],"curies":[{"name":"wp","href":"https:\/\/api.w.org\/{rel}","templated":true}]}}