{"id":4601,"date":"2026-03-22T10:27:31","date_gmt":"2026-03-22T09:27:31","guid":{"rendered":"https:\/\/stvauw.ch\/mr\/?page_id=4601"},"modified":"2026-03-22T10:45:02","modified_gmt":"2026-03-22T09:45:02","slug":"jubilarenabend-2025-2","status":"publish","type":"page","link":"https:\/\/stvauw.ch\/mr\/jubilarenabend-2025-2\/","title":{"rendered":"Jubilarenabend 2025"},"content":{"rendered":"<p>[et_pb_section fb_built=&#8221;1&#8243; _builder_version=&#8221;4.16&#8243; global_colors_info=&#8221;{}&#8221;][et_pb_row _builder_version=&#8221;4.16&#8243; global_colors_info=&#8221;{}&#8221;][et_pb_column type=&#8221;4_4&#8243; _builder_version=&#8221;4.16&#8243; custom_padding=&#8221;|||&#8221; global_colors_info=&#8221;{}&#8221; custom_padding__hover=&#8221;|||&#8221;][et_pb_post_title meta=&#8221;off&#8221; featured_image=&#8221;off&#8221; _builder_version=&#8221;4.16&#8243; global_colors_info=&#8221;{}&#8221;][\/et_pb_post_title][\/et_pb_column][\/et_pb_row][et_pb_row _builder_version=&#8221;4.16&#8243; global_colors_info=&#8221;{}&#8221;][et_pb_column type=&#8221;4_4&#8243; _builder_version=&#8221;4.16&#8243; custom_padding=&#8221;|||&#8221; global_colors_info=&#8221;{}&#8221; custom_padding__hover=&#8221;|||&#8221;][et_pb_text _builder_version=&#8221;4.27.4&#8243; global_colors_info=&#8221;{}&#8221;]<\/p>\n<h5>Freitag, 27. Juni 2025<\/h5>\n<p>Bei herrlichem Sommerwetter trafen sich am 27. Juni neun Jubilare, drei Vorstandsmitglieder und Grillchef Dani zum traditionellen Jubilarenabend der M\u00e4nnerriege. Nachdem sich alle bei der Waldh\u00fctte eingefunden hatten, starteten wir mit dem Ap\u00e9ro und die ersten Erinnerungen aus vergangenen Jahren wurden in bester Stimmung zum Besten gegeben.<\/p>\n<p>Anschliessend liess sich die Runde vom Grillchef verw\u00f6hnen und genoss dazu die feinen Salate. Da alles mit Genuss aufgegessen wurde, g\u00f6nnten wir uns zum Abschluss einen Kaffee sowie feine Nuss- und Mandelgipfel. Am schnellsten verschwanden jedoch die selbst gebackenen Guetzli von Burkard \u2013 nochmals herzlichen Dank daf\u00fcr!<\/p>\n<p>In gem\u00fctlicher Atmosph\u00e4re liessen wir den Abend stimmungsvoll ausklingen und machten uns schliesslich auf den Heimweg ins Tal.<\/p>\n<p>Ein herzliches Dankesch\u00f6n an alle Teilnehmenden \u2013 es war ein geselliger Abend in bester Gesellschaft!<\/p>\n<p>Ein besonderer Dank geht an unseren Grillchef Dani, der uns mit seinem K\u00f6nnen kulinarisch verw\u00f6hnt hat \u2013 danke f\u00fcr deinen Einsatz!<\/p>\n<p>[\/et_pb_text][\/et_pb_column][\/et_pb_row][et_pb_row _builder_version=&#8221;4.16&#8243; global_colors_info=&#8221;{}&#8221;][et_pb_column type=&#8221;4_4&#8243; _builder_version=&#8221;4.16&#8243; custom_padding=&#8221;|||&#8221; global_colors_info=&#8221;{}&#8221; custom_padding__hover=&#8221;|||&#8221;][et_pb_gallery gallery_ids=&#8221;4089,4088,4087,4086,4085,4084,4083,4090,4091&#8243; posts_number=&#8221;16&#8243; show_title_and_caption=&#8221;off&#8221; _builder_version=&#8221;4.27.4&#8243; hover_enabled=&#8221;0&#8243; global_colors_info=&#8221;{}&#8221; sticky_enabled=&#8221;0&#8243;][\/et_pb_gallery][\/et_pb_column][\/et_pb_row][\/et_pb_section]<\/p>\n","protected":false},"excerpt":{"rendered":"<p>Freitag, 27. Juni 2025 Bei herrlichem Sommerwetter trafen sich am 27. Juni neun Jubilare, drei Vorstandsmitglieder und Grillchef Dani zum traditionellen Jubilarenabend der M\u00e4nnerriege. Nachdem sich alle bei der Waldh\u00fctte eingefunden hatten, starteten wir mit dem Ap\u00e9ro und die ersten Erinnerungen aus vergangenen Jahren wurden in bester Stimmung zum Besten gegeben. Anschliessend liess sich die [&hellip;]<\/p>\n","protected":false},"author":12,"featured_media":0,"parent":0,"menu_order":0,"comment_status":"closed","ping_status":"closed","template":"","meta":{"_et_pb_use_builder":"on","_et_pb_old_content":"","_et_gb_content_width":"","footnotes":""},"class_list":["post-4601","page","type-page","status-publish","hentry"],"_links":{"self":[{"href":"https:\/\/stvauw.ch\/mr\/wp-json\/wp\/v2\/pages\/4601","targetHints":{"allow":["GET"]}}],"collection":[{"href":"https:\/\/stvauw.ch\/mr\/wp-json\/wp\/v2\/pages"}],"about":[{"href":"https:\/\/stvauw.ch\/mr\/wp-json\/wp\/v2\/types\/page"}],"author":[{"embeddable":true,"href":"https:\/\/stvauw.ch\/mr\/wp-json\/wp\/v2\/users\/12"}],"replies":[{"embeddable":true,"href":"https:\/\/stvauw.ch\/mr\/wp-json\/wp\/v2\/comments?post=4601"}],"version-history":[{"count":6,"href":"https:\/\/stvauw.ch\/mr\/wp-json\/wp\/v2\/pages\/4601\/revisions"}],"predecessor-version":[{"id":4617,"href":"https:\/\/stvauw.ch\/mr\/wp-json\/wp\/v2\/pages\/4601\/revisions\/4617"}],"wp:attachment":[{"href":"https:\/\/stvauw.ch\/mr\/wp-json\/wp\/v2\/media?parent=4601"}],"curies":[{"name":"wp","href":"https:\/\/api.w.org\/{rel}","templated":true}]}}