{"id":1167,"date":"2019-11-05T06:51:05","date_gmt":"2019-11-05T05:51:05","guid":{"rendered":"https:\/\/stvauw.ch\/theater\/?page_id=1167"},"modified":"2025-11-02T12:17:27","modified_gmt":"2025-11-02T11:17:27","slug":"speisekarte","status":"publish","type":"page","link":"https:\/\/stvauw.ch\/theater\/speisekarte\/","title":{"rendered":"Speisekarte"},"content":{"rendered":"\n[et_pb_section fb_built=&#187;1&#8243; _builder_version=&#187;4.16&#8243; custom_padding=&#187;14px|0px|54px|0px|false|false&#187; global_colors_info=&#187;{}&#187;][et_pb_row column_structure=&#187;1_2,1_2&#8243; _builder_version=&#187;4.16&#8243; global_colors_info=&#187;{}&#187;][et_pb_column type=&#187;1_2&#8243; _builder_version=&#187;4.16&#8243; custom_padding=&#187;|||&#187; global_colors_info=&#187;{}&#187; custom_padding__hover=&#187;|||&#187;][et_pb_gallery gallery_ids=&#187;2638,2639,2640,2641&#8243; fullwidth=&#187;on&#187; _builder_version=&#187;4.27.4&#8243; title_font=&#187;||||||||&#187; pagination_font=&#187;||||||||&#187; link_option_url_new_window=&#187;on&#187; hover_enabled=&#187;0&#8243; box_shadow_style=&#187;preset1&#8243; global_colors_info=&#187;{}&#187; sticky_enabled=&#187;0&#8243;][\/et_pb_gallery][\/et_pb_column][et_pb_column type=&#187;1_2&#8243; _builder_version=&#187;4.16&#8243; custom_padding=&#187;|||&#187; global_colors_info=&#187;{}&#187; custom_padding__hover=&#187;|||&#187;][et_pb_text _builder_version=&#187;4.16&#8243; global_colors_info=&#187;{}&#187;]<h1><span><span style=\"text-decoration: underline;\"><strong>Speisekarte<\/strong><\/span> <br \/><\/span><\/h1>\n<p><span>An den Abendauff\u00fchrungen steht die warme K\u00fcche\u00a0<strong>vor der Auff\u00fchrung<\/strong> (ab 18.30 bis 19.30) zur Verf\u00fcgung. <br \/><\/span><\/p>\n<p><span>Am Sonntag <strong>nach<\/strong> der Auff\u00fchrung.<\/span><\/p>\n<p><span><\/span><\/p>\n<h2><span><em>en guete<\/em><\/span><\/h2>[\/et_pb_text][\/et_pb_column][\/et_pb_row][\/et_pb_section]\n","protected":false},"excerpt":{"rendered":"<p>Speisekarte An den Abendauff\u00fchrungen steht die warme K\u00fcche\u00a0vor der Auff\u00fchrung (ab 18.30 bis 19.30) zur Verf\u00fcgung. Am Sonntag nach der Auff\u00fchrung. en guete<\/p>\n","protected":false},"author":6,"featured_media":0,"parent":0,"menu_order":0,"comment_status":"closed","ping_status":"closed","template":"","meta":{"_et_pb_use_builder":"on","_et_pb_old_content":"<!-- wp:divi\/placeholder \/-->","_et_gb_content_width":"","footnotes":""},"class_list":["post-1167","page","type-page","status-publish","hentry"],"_links":{"self":[{"href":"https:\/\/stvauw.ch\/theater\/wp-json\/wp\/v2\/pages\/1167","targetHints":{"allow":["GET"]}}],"collection":[{"href":"https:\/\/stvauw.ch\/theater\/wp-json\/wp\/v2\/pages"}],"about":[{"href":"https:\/\/stvauw.ch\/theater\/wp-json\/wp\/v2\/types\/page"}],"author":[{"embeddable":true,"href":"https:\/\/stvauw.ch\/theater\/wp-json\/wp\/v2\/users\/6"}],"replies":[{"embeddable":true,"href":"https:\/\/stvauw.ch\/theater\/wp-json\/wp\/v2\/comments?post=1167"}],"version-history":[{"count":15,"href":"https:\/\/stvauw.ch\/theater\/wp-json\/wp\/v2\/pages\/1167\/revisions"}],"predecessor-version":[{"id":2665,"href":"https:\/\/stvauw.ch\/theater\/wp-json\/wp\/v2\/pages\/1167\/revisions\/2665"}],"wp:attachment":[{"href":"https:\/\/stvauw.ch\/theater\/wp-json\/wp\/v2\/media?parent=1167"}],"curies":[{"name":"wp","href":"https:\/\/api.w.org\/{rel}","templated":true}]}}