{"id":139,"date":"2019-05-15T09:37:00","date_gmt":"2019-05-15T07:37:00","guid":{"rendered":"https:\/\/wp.stvauw.ch\/theater\/?page_id=139"},"modified":"2025-12-01T16:55:47","modified_gmt":"2025-12-01T15:55:47","slug":"hinter-den-kulissen","status":"publish","type":"page","link":"https:\/\/stvauw.ch\/theater\/die-schauspieler\/hinter-den-kulissen\/","title":{"rendered":"Hinter den Kulissen"},"content":{"rendered":"<p>[et_pb_section fb_built=&#187;1&#8243; _builder_version=&#187;4.16&#8243; global_colors_info=&#187;{}&#187;][et_pb_row column_structure=&#187;1_3,1_3,1_3&#8243; _builder_version=&#187;4.16&#8243; custom_padding=&#187;27px|0px|11px|0px|false|false&#187; global_colors_info=&#187;{}&#187;][et_pb_column type=&#187;1_3&#8243; _builder_version=&#187;4.16&#8243; custom_padding=&#187;|||&#187; global_colors_info=&#187;{}&#187; custom_padding__hover=&#187;|||&#187;][et_pb_team_member name=&#187;Gabi  +  Gertrud Leu &#187; position=&#187;Maske und Kost\u00fcme&#187; image_url=&#187;https:\/\/stvauw.ch\/theater\/wp-content\/uploads\/sites\/4\/2019\/09\/20190822-MBU_3886.jpg&#187; _builder_version=&#187;4.16&#8243; max_width=&#187;60%&#187; box_shadow_style_image=&#187;preset2&#8243; global_colors_info=&#187;{}&#187;]<\/p>\n<p>Ein Dream-Team sind Gabi und Gertrud. Ihr grosses Wissen zu den Themen Garderobe, Maske und Frisuren sind einzigartig. Den Akteuren geben sie auf diese Weise immer ein sehr gutes Gef\u00fchl mit auf die B\u00fchne.<\/p>\n<p>[\/et_pb_team_member][\/et_pb_column][et_pb_column type=&#187;1_3&#8243; _builder_version=&#187;4.16&#8243; custom_padding=&#187;|||&#187; global_colors_info=&#187;{}&#187; custom_padding__hover=&#187;|||&#187;][et_pb_team_member name=&#187;Maya Baumann&#187; position=&#187;Souffleuse&#187; image_url=&#187;https:\/\/stvauw.ch\/theater\/wp-content\/uploads\/sites\/4\/2019\/09\/20190822-MBU_3907-e1661687119898.jpg&#187; _builder_version=&#187;4.16&#8243; max_width=&#187;60%&#187; box_shadow_style_image=&#187;preset2&#8243; global_colors_info=&#187;{}&#187;]<\/p>\n<p><em>&#171;Als Souffleuse kann ich jeweils w\u00e4hrend der Probezeit alles etwas beobachten&#187;, so Maya.<\/em><\/p>\n<p><em>&#171;Ich sehe wie die Schauspieler Fortschritte machen, den Text teilweise schon fr\u00fch auswendig k\u00f6nnen und wie sich jeder in seine Rolle versetzt.&#187;<\/em><\/p>\n<p>[\/et_pb_team_member][\/et_pb_column][et_pb_column type=&#187;1_3&#8243; _builder_version=&#187;4.16&#8243; custom_padding=&#187;|||&#187; global_colors_info=&#187;{}&#187; custom_padding__hover=&#187;|||&#187;][et_pb_team_member name=&#187;Mich\u00e8le Rippmann&#187; position=&#187;Souffleuse&#187; image_url=&#187;https:\/\/stvauw.ch\/theater\/wp-content\/uploads\/sites\/4\/2019\/09\/20190822-MBU_3901.jpg&#187; _builder_version=&#187;4.16&#8243; max_width=&#187;60%&#187; box_shadow_style_image=&#187;preset2&#8243; global_colors_info=&#187;{}&#187;]<\/p>\n<p><em>\u201eAls Souffleuse kann ich immer unterst\u00fctzen und ich weiss, dass ich jederzeit bereit sein muss um einzuspringen (meistens nur in den Proben ;-).<\/em><em><\/em><\/p>\n<p>[\/et_pb_team_member][\/et_pb_column][\/et_pb_row][et_pb_row column_structure=&#187;1_3,1_3,1_3&#8243; _builder_version=&#187;4.16&#8243; custom_padding=&#187;9px|0px|10px|0px|false|false&#187; global_colors_info=&#187;{}&#187;][et_pb_column type=&#187;1_3&#8243; _builder_version=&#187;4.16&#8243; custom_padding=&#187;|||&#187; global_colors_info=&#187;{}&#187; custom_padding__hover=&#187;|||&#187;][et_pb_team_member name=&#187;Christian Arnet&#187; position=&#187;B\u00fchnenchef mit Leib und Seele&#187; image_url=&#187;https:\/\/stvauw.ch\/theater\/wp-content\/uploads\/sites\/4\/2019\/09\/20190822-MBU_3949.jpg&#187; _builder_version=&#187;4.16&#8243; max_width=&#187;60%&#187; box_shadow_style_image=&#187;preset2&#8243; global_colors_info=&#187;{}&#187;]<\/p>\n<p>\u201e<em>S\u2019B\u00fc\u00e4chli muass halt gl\u00e4se werde und d\u00e4nn lahd sie (Regie) mich eigentli eifach mache\u201c,<\/em> so Chregu. &#8211; Es gibt immer viel zu tun bis das B\u00fchnenbild steht und alle M\u00f6bel und Dekomaterial zusammengetragen sind.<\/p>\n<p>[\/et_pb_team_member][\/et_pb_column][et_pb_column type=&#187;1_3&#8243; _builder_version=&#187;4.16&#8243; custom_padding=&#187;|||&#187; global_colors_info=&#187;{}&#187; custom_padding__hover=&#187;|||&#187;][et_pb_team_member name=&#187;Jos\u00e9 Favre&#187; position=&#187;B\u00fchnen Crew&#187; image_url=&#187;https:\/\/stvauw.ch\/theater\/wp-content\/uploads\/sites\/4\/2019\/05\/Jose_Favre.jpg&#187; _builder_version=&#187;4.16&#8243; max_width=&#187;60%&#187; box_shadow_style_image=&#187;preset2&#8243; global_colors_info=&#187;{}&#187;]<\/p>\n<p>Unterst\u00fctzt den B\u00fchnenchef tatkr\u00e4ftig und mit seinem handwerklichen Geschick gibt es immer eine L\u00f6sung&#8230;<\/p>\n<p>[\/et_pb_team_member][\/et_pb_column][et_pb_column type=&#187;1_3&#8243; _builder_version=&#187;4.16&#8243; custom_padding=&#187;|||&#187; global_colors_info=&#187;{}&#187; custom_padding__hover=&#187;|||&#187;][et_pb_team_member name=&#187;Sandro Heer + Martin Casagrande (v. l. n. r.)&#187; position=&#187;Technik \/ Licht&#187; image_url=&#187;https:\/\/stvauw.ch\/theater\/wp-content\/uploads\/sites\/4\/2025\/12\/Internet_Techniker-1.jpg&#187; _builder_version=&#187;4.27.4&#8243; max_width=&#187;100%&#187; hover_enabled=&#187;0&#8243; box_shadow_style_image=&#187;preset2&#8243; global_colors_info=&#187;{}&#187; title_text=&#187;Internet_Techniker&#187; sticky_enabled=&#187;0&#8243; custom_margin=&#187;|||2px|false|false&#187; custom_padding=&#187;|0px||0px||&#187; width=&#187;95.3%&#187;]<\/p>\n<p>Der Techniker muss sehr flexibel und einfallsreich sein. Zur rechten Situation die korrekten Ger\u00e4usche einspielen &#8211; das Licht im richtigen Moment &#171;aufblitzen&#187; lassen und vieles mehr&#8230;<\/p>\n<p>&nbsp;<\/p>\n<p>[\/et_pb_team_member][\/et_pb_column][\/et_pb_row][et_pb_row column_structure=&#187;1_2,1_2&#8243; _builder_version=&#187;4.16&#8243; custom_padding=&#187;9px|0px|11px|0px|false|false&#187; global_colors_info=&#187;{}&#187;][et_pb_column type=&#187;1_2&#8243; _builder_version=&#187;4.16&#8243; custom_padding=&#187;|||&#187; global_colors_info=&#187;{}&#187; custom_padding__hover=&#187;|||&#187;][et_pb_image src=&#187;https:\/\/stvauw.ch\/theater\/wp-content\/uploads\/sites\/4\/2023\/10\/Tombolateam-2019.jpg&#187; align_tablet=&#187;center&#187; align_phone=&#187;center&#187; align_last_edited=&#187;on|desktop&#187; _builder_version=&#187;4.16&#8243; global_colors_info=&#187;{}&#187;][\/et_pb_image][\/et_pb_column][et_pb_column type=&#187;1_2&#8243; _builder_version=&#187;4.16&#8243; custom_padding=&#187;|||&#187; global_colors_info=&#187;{}&#187; custom_padding__hover=&#187;|||&#187;][et_pb_team_member name=&#187;Tombolateam&#187; image_url=&#187;https:\/\/stvauw.ch\/theater\/wp-content\/uploads\/sites\/4\/2019\/11\/Tombolalose.jpg&#187; _builder_version=&#187;4.16&#8243; max_width=&#187;70%&#187; global_colors_info=&#187;{}&#187;]<\/p>\n<p>Die Zusammenstellung unserer tollen Tombola erfordert sehr viel Zeit. Die zust\u00e4ndigen Personen sind praktisch das ganze Jahr hindurch besch\u00e4ftigt.<\/p>\n<p>[\/et_pb_team_member][\/et_pb_column][\/et_pb_row][\/et_pb_section]<\/p>\n","protected":false},"excerpt":{"rendered":"<p>Ein Dream-Team sind Gabi und Gertrud. Ihr grosses Wissen zu den Themen Garderobe, Maske und Frisuren sind einzigartig. Den Akteuren geben sie auf diese Weise immer ein sehr gutes Gef\u00fchl mit auf die B\u00fchne.&#187;Als Souffleuse kann ich jeweils w\u00e4hrend der Probezeit alles etwas beobachten&#187;, so Maya. &#171;Ich sehe wie die Schauspieler Fortschritte machen, den Text [&hellip;]<\/p>\n","protected":false},"author":6,"featured_media":0,"parent":54,"menu_order":0,"comment_status":"closed","ping_status":"closed","template":"","meta":{"_et_pb_use_builder":"on","_et_pb_old_content":"","_et_gb_content_width":"","footnotes":""},"class_list":["post-139","page","type-page","status-publish","hentry"],"_links":{"self":[{"href":"https:\/\/stvauw.ch\/theater\/wp-json\/wp\/v2\/pages\/139","targetHints":{"allow":["GET"]}}],"collection":[{"href":"https:\/\/stvauw.ch\/theater\/wp-json\/wp\/v2\/pages"}],"about":[{"href":"https:\/\/stvauw.ch\/theater\/wp-json\/wp\/v2\/types\/page"}],"author":[{"embeddable":true,"href":"https:\/\/stvauw.ch\/theater\/wp-json\/wp\/v2\/users\/6"}],"replies":[{"embeddable":true,"href":"https:\/\/stvauw.ch\/theater\/wp-json\/wp\/v2\/comments?post=139"}],"version-history":[{"count":20,"href":"https:\/\/stvauw.ch\/theater\/wp-json\/wp\/v2\/pages\/139\/revisions"}],"predecessor-version":[{"id":2683,"href":"https:\/\/stvauw.ch\/theater\/wp-json\/wp\/v2\/pages\/139\/revisions\/2683"}],"up":[{"embeddable":true,"href":"https:\/\/stvauw.ch\/theater\/wp-json\/wp\/v2\/pages\/54"}],"wp:attachment":[{"href":"https:\/\/stvauw.ch\/theater\/wp-json\/wp\/v2\/media?parent=139"}],"curies":[{"name":"wp","href":"https:\/\/api.w.org\/{rel}","templated":true}]}}