{"id":1487,"date":"2022-08-08T21:49:51","date_gmt":"2022-08-08T19:49:51","guid":{"rendered":"https:\/\/stvauw.ch\/theater\/?page_id=1487"},"modified":"2025-12-01T17:00:10","modified_gmt":"2025-12-01T16:00:10","slug":"theater-2025","status":"publish","type":"page","link":"https:\/\/stvauw.ch\/theater\/theater-2025\/","title":{"rendered":"Theater 2025"},"content":{"rendered":"<p>[et_pb_section fb_built=&#187;1&#8243; _builder_version=&#187;4.16&#8243; custom_padding=&#187;16px|0px|27px|0px|false|false&#187; global_colors_info=&#187;{}&#187;][et_pb_row _builder_version=&#187;4.16&#8243; global_colors_info=&#187;{}&#187;][et_pb_column type=&#187;4_4&#8243; _builder_version=&#187;4.16&#8243; custom_padding=&#187;|||&#187; global_colors_info=&#187;{}&#187; custom_padding__hover=&#187;|||&#187;][et_pb_text _builder_version=&#187;4.27.4&#8243; global_colors_info=&#187;{}&#187;]<\/p>\n<h1 style=\"text-align: center;\"><strong>Karriere<\/strong><\/h1>\n<p>[\/et_pb_text][et_pb_divider _builder_version=&#187;4.16&#8243; custom_margin=&#187;0px||0px&#187; custom_padding=&#187;0px||0px&#187; global_colors_info=&#187;{}&#187;][\/et_pb_divider][\/et_pb_column][\/et_pb_row][et_pb_row column_structure=&#187;1_2,1_2&#8243; _builder_version=&#187;4.16&#8243; custom_padding=&#187;25.2188px|0px|60px|0px|false|false&#187; global_colors_info=&#187;{}&#187;][et_pb_column type=&#187;1_2&#8243; _builder_version=&#187;4.16&#8243; custom_padding=&#187;|||&#187; global_colors_info=&#187;{}&#187; custom_padding__hover=&#187;|||&#187;][et_pb_image src=&#187;https:\/\/stvauw.ch\/theater\/wp-content\/uploads\/sites\/4\/2025\/09\/Flyer-TheaterAuw-2025-Karriere-1.jpg&#187; title_text=&#187;Flyer TheaterAuw 2025 Karriere&#187; show_in_lightbox=&#187;on&#187; align_tablet=&#187;center&#187; align_phone=&#187;center&#187; align_last_edited=&#187;on|desktop&#187; _builder_version=&#187;4.27.4&#8243; global_colors_info=&#187;{}&#187;][\/et_pb_image][\/et_pb_column][et_pb_column type=&#187;1_2&#8243; _builder_version=&#187;4.16&#8243; custom_padding=&#187;|||&#187; global_colors_info=&#187;{}&#187; custom_padding__hover=&#187;|||&#187;][et_pb_image src=&#187;https:\/\/stvauw.ch\/theater\/wp-content\/uploads\/sites\/4\/2025\/09\/Flyer-TheaterAuw-2025-Karriere-Text-.jpg&#187; title_text=&#187;Flyer TheaterAuw 2025 Karriere -Text&#187; show_in_lightbox=&#187;on&#187; align_tablet=&#187;center&#187; align_phone=&#187;center&#187; align_last_edited=&#187;on|desktop&#187; _builder_version=&#187;4.27.4&#8243; global_colors_info=&#187;{}&#187;][\/et_pb_image][\/et_pb_column][\/et_pb_row][et_pb_row disabled_on=&#187;off|off|off&#187; admin_label=&#187;St\u00fcck Text&#187; _builder_version=&#187;4.27.4&#8243; min_height=&#187;306.7px&#187; global_colors_info=&#187;{}&#187;][et_pb_column type=&#187;4_4&#8243; _builder_version=&#187;4.16&#8243; custom_padding=&#187;|||&#187; global_colors_info=&#187;{}&#187; custom_padding__hover=&#187;|||&#187;][et_pb_text _builder_version=&#187;4.27.4&#8243; global_colors_info=&#187;{}&#187;]<\/p>\n<p><text class=\"_textbox_x434h_15\" direction=\"ltr\" height=\"7.2554931640625\" lengthadjust=\"spacingAndGlyphs\" textlength=\"300.10460662841797\" x=\"64.31769561767578\" y=\"-482.8423767089844\" data-test=\"textbox\">Die drei Freunde Gusti, Max und Heiri wohnen in einem alten Lager<\/text><text class=\"_textbox_x434h_15\" direction=\"ltr\" height=\"2.824493408203125\" lengthadjust=\"spacingAndGlyphs\" textlength=\"2.551483154296875\" x=\"364.8067321777344\" y=\"-482.8423767089844\" data-test=\"textbox\">\u00ad<\/text><text class=\"_textbox_x434h_15\" direction=\"ltr\" height=\"7.360504150390625\" lengthadjust=\"spacingAndGlyphs\" textlength=\"315.97240829467773\" x=\"63.950199127197266\" y=\"-469.3393859863281\" data-test=\"textbox\">schuppen der Bademodenfirma Klotzinger. Der bescheidene Mietzins und die<\/text><text class=\"_textbox_x434h_15\" direction=\"ltr\" height=\"7.1610107421875\" lengthadjust=\"spacingAndGlyphs\" textlength=\"319.7911262512207\" x=\"63.9817008972168\" y=\"-455.83636474609375\" data-test=\"textbox\"><span>\u00a0<\/span>gutm\u00fctige Unterst\u00fctzung von Roswitha erm\u00f6glichen ihnen ein relativ sorgloses<\/text><text class=\"_textbox_x434h_15\" direction=\"ltr\" height=\"7.2554931640625\" lengthadjust=\"spacingAndGlyphs\" textlength=\"319.21996688842773\" x=\"63.950199127197266\" y=\"-442.3333740234375\" data-test=\"textbox\">\u00a0Leben. Zwar fehlt jeglicher Luxus, umso mehr geniessen sie es,<\/text><text class=\"_textbox_x434h_15\" direction=\"ltr\" height=\"7.1715087890625\" lengthadjust=\"spacingAndGlyphs\" textlength=\"254.6133041381836\" x=\"64.11820220947266\" y=\"-428.83038330078125\" data-test=\"textbox\">planlos und ohne Leistungsdruck in den Tag hineinzuleben.<\/text><\/p>\n<p><text class=\"_textbox_x434h_15\" direction=\"ltr\" height=\"7.1610107421875\" lengthadjust=\"spacingAndGlyphs\" textlength=\"323.0335006713867\" x=\"64.31769561767578\" y=\"-401.1523742675781\" data-test=\"textbox\">Dieses Faulenzerdasein wird bedroht, als die Firma Klotzinger beschliesst,<span>\u00a0<\/span><\/text><text class=\"_textbox_x434h_15\" direction=\"ltr\" height=\"7.2554931640625\" lengthadjust=\"spacingAndGlyphs\" textlength=\"318.11320877075195\" x=\"63.9817008972168\" y=\"-387.64935302734375\" data-test=\"textbox\">den Lagerschuppen f\u00fcr einen Neubau zu opfern. Das Bademodegesch\u00e4ft l\u00e4uft<\/text><text class=\"_textbox_x434h_15\" direction=\"ltr\" height=\"7.2554931640625\" lengthadjust=\"spacingAndGlyphs\" textlength=\"310.6183547973633\" x=\"64.20220184326172\" y=\"-374.1463623046875\" data-test=\"textbox\"><span>\u00a0<\/span>sehr gut und die Produktionskapazit\u00e4ten m\u00fcssen dringend erh\u00f6ht\u00a0<\/text><text class=\"_textbox_x434h_15\" direction=\"ltr\" height=\"7.1610107421875\" lengthadjust=\"spacingAndGlyphs\" textlength=\"333.88002014160156\" x=\"63.51969909667969\" y=\"-360.64337158203125\" data-test=\"textbox\">werden. Um den Neubau so rasch wie m\u00f6glich zu realisieren, m\u00f6chte Herr<span>\u00a0<\/span><\/text><text class=\"_textbox_x434h_15\" direction=\"ltr\" height=\"7.2554931640625\" lengthadjust=\"spacingAndGlyphs\" textlength=\"332.33019256591797\" x=\"64.31769561767578\" y=\"-347.140380859375\" data-test=\"textbox\">Klotzinger die drei Tagediebe am liebsten von einem Tag auf den anderen auf<span>\u00a0<\/span><\/text><text class=\"_textbox_x434h_15\" direction=\"ltr\" height=\"7.2554931640625\" lengthadjust=\"spacingAndGlyphs\" textlength=\"323.5689582824707\" x=\"63.9817008972168\" y=\"-333.63739013671875\" data-test=\"textbox\">die Strasse setzen. Doch Gusti kennt sich im Mietrecht aus und so erh\u00e4lt<span>\u00a0<\/span><\/text><text class=\"_textbox_x434h_15\" direction=\"ltr\" height=\"7.360504150390625\" lengthadjust=\"spacingAndGlyphs\" textlength=\"324.2453498840332\" x=\"63.9817008972168\" y=\"-320.1343994140625\" data-test=\"textbox\">das Trio unerwartet eine stattliche Abfindung f\u00fcr ihren sofortigen Auszug.<\/text><\/p>\n<p><text class=\"_textbox_x434h_15\" direction=\"ltr\" height=\"7.2554931640625\" lengthadjust=\"spacingAndGlyphs\" textlength=\"310.83873748779297\" x=\"64.30719757080078\" y=\"-292.4563903808594\" data-test=\"textbox\">Ein Zeitungsartikel \u00fcber einen Selfmademan in Amerika gibt ihnen den<span>\u00a0<\/span><\/text><text class=\"_textbox_x434h_15\" direction=\"ltr\" height=\"7.2554931640625\" lengthadjust=\"spacingAndGlyphs\" textlength=\"318.64772033691406\" x=\"63.51969909667969\" y=\"-278.9533996582031\" data-test=\"textbox\">Anstoss, dar\u00fcber nachzudenken, wie sie den \u00fcberraschenden Geldsegen sinnvoll<\/text><text class=\"_textbox_x434h_15\" direction=\"ltr\" height=\"7.1610107421875\" lengthadjust=\"spacingAndGlyphs\" textlength=\"210.53130722045898\" x=\"63.950199127197266\" y=\"-265.4504089355469\" data-test=\"textbox\"><span>\u00a0<\/span>und gewinnbringend einsetzen k\u00f6nnten.\u00a0<\/text><text class=\"_textbox_x434h_15\" direction=\"ltr\" height=\"7.2554931640625\" lengthadjust=\"spacingAndGlyphs\" textlength=\"322.3594284057617\" x=\"64.31769561767578\" y=\"-237.77239990234375\" data-test=\"textbox\">In unseren Auff\u00fchrungen erfahren sie, wie Geld und Liebe das Leben der<span>\u00a0<\/span><\/text><text class=\"_textbox_x434h_15\" direction=\"ltr\" height=\"7.2554931640625\" lengthadjust=\"spacingAndGlyphs\" textlength=\"113.40422439575195\" x=\"63.9817008972168\" y=\"-224.2694091796875\" data-test=\"textbox\">drei Clochards ver\u00e4ndern.<\/text><\/p>\n<p>[\/et_pb_text][\/et_pb_column][\/et_pb_row][et_pb_row disabled_on=&#187;on|on|on&#187; admin_label=&#187;Reservation&#187; _builder_version=&#187;4.27.4&#8243; custom_padding=&#187;0|0px|0|0px|true|false&#187; hover_enabled=&#187;0&#8243; global_colors_info=&#187;{}&#187; disabled=&#187;on&#187; sticky_enabled=&#187;0&#8243;][et_pb_column type=&#187;4_4&#8243; _builder_version=&#187;4.16&#8243; custom_padding=&#187;|||&#187; global_colors_info=&#187;{}&#187; custom_padding__hover=&#187;|||&#187;][et_pb_text _builder_version=&#187;4.16&#8243; global_colors_info=&#187;{}&#187;]<\/p>\n<h1>Reservation<\/h1>\n<p>[\/et_pb_text][et_pb_divider _builder_version=&#187;4.16&#8243; custom_margin=&#187;0px||0px&#187; custom_padding=&#187;0px||0px&#187; global_colors_info=&#187;{}&#187;][\/et_pb_divider][\/et_pb_column][\/et_pb_row][et_pb_row disabled_on=&#187;off|off|off&#187; admin_label=&#187;Reservation Vorher&#187; _builder_version=&#187;4.27.4&#8243; custom_margin=&#187;||20px&#187; custom_padding=&#187;0|0px|0|0px|true|false&#187; global_colors_info=&#187;{}&#187;][et_pb_column type=&#187;4_4&#8243; _builder_version=&#187;4.16&#8243; custom_padding=&#187;|||&#187; global_colors_info=&#187;{}&#187; custom_padding__hover=&#187;|||&#187;][et_pb_countdown_timer title=&#187;Reservations Start&#187; date_time=&#187;2025-10-31 18:00&#8243; _builder_version=&#187;4.27.4&#8243; header_font=&#187;||||||||&#187; numbers_font=&#187;||||||||&#187; label_font=&#187;||||||||&#187; background_color=&#187;#e8b809&#8243; display_conditions=&#187;W3siaWQiOiJjMWM3NmYwYS1iOTg0LTQ5YmQtYjM5OC04NmMxYTVjNDc5M2MiLCJjb25kaXRpb24iOiJkYXRlVGltZSIsImNvbmRpdGlvblNldHRpbmdzIjp7ImRpc3BsYXlSdWxlIjoiaXNCZWZvcmUiLCJkYXRlIjoiMjAyNS0xMC0zMSIsInRpbWUiOiIxODowMCIsIndlZWtkYXlzIjoifCIsImFsbERheSI6Im9uIiwiZnJvbVRpbWUiOiIwMDowMCIsInVudGlsVGltZSI6IjAwOjAwIiwicmVwZWF0Ijoib2ZmIiwicmVwZWF0RnJlcXVlbmN5IjoibW9udGhseSIsInJlcGVhdEZyZXF1ZW5jeVNwZWNpZmljRGF5cyI6IndlZWtseSIsInJlcGVhdEVuZCI6Im5ldmVyIiwicmVwZWF0VW50aWxEYXRlIjoiMjAyNS0xMC0xOCIsInJlcGVhdFRpbWVzIjoiMyIsImFkbWluTGFiZWwiOiJEYXRlICYgVGltZSIsImVuYWJsZUNvbmRpdGlvbiI6Im9uIn0sIm9wZXJhdG9yIjoiT1IifV0=&#187; filter_hue_rotate=&#187;312deg&#187; filter_saturate=&#187;200%&#187; box_shadow_style=&#187;preset6&#8243; global_colors_info=&#187;{}&#187;][\/et_pb_countdown_timer][et_pb_text _builder_version=&#187;4.27.4&#8243; display_conditions=&#187;W3siaWQiOiI2YjI4ZmFjNy01Mjc0LTRjMzAtYWUzOS00ZWExNjYxMTMzYjIiLCJjb25kaXRpb24iOiJkYXRlVGltZSIsImNvbmRpdGlvblNldHRpbmdzIjp7ImRpc3BsYXlSdWxlIjoiaXNCZWZvcmUiLCJkYXRlIjoiMjAyNS0xMC0zMSIsInRpbWUiOiIxODowMCIsIndlZWtkYXlzIjoifCIsImFsbERheSI6Im9uIiwiZnJvbVRpbWUiOiIwMDowMCIsInVudGlsVGltZSI6IjAwOjAwIiwicmVwZWF0Ijoib2ZmIiwicmVwZWF0RnJlcXVlbmN5IjoibW9udGhseSIsInJlcGVhdEZyZXF1ZW5jeVNwZWNpZmljRGF5cyI6IndlZWtseSIsInJlcGVhdEVuZCI6Im5ldmVyIiwicmVwZWF0VW50aWxEYXRlIjoiMjAyNS0xMC0xOCIsInJlcGVhdFRpbWVzIjoiMyIsImFkbWluTGFiZWwiOiJEYXRlICYgVGltZSIsImVuYWJsZUNvbmRpdGlvbiI6Im9uIn0sIm9wZXJhdG9yIjoiT1IifV0=&#187; global_colors_info=&#187;{}&#187;]<\/p>\n<p>Reservationsstart wird am Freitag, 31. Oktober, um 18.00 Uhr sein.<\/p>\n<p><em>Der Link und die Telefonnummer werden hier aufgeschaltet sein.<\/em><\/p>\n<p>[\/et_pb_text][\/et_pb_column][\/et_pb_row][et_pb_row column_structure=&#187;1_2,1_2&#8243; disabled_on=&#187;on|on|on&#187; admin_label=&#187;Reservation Aktiv&#187; _builder_version=&#187;4.27.4&#8243; display_conditions=&#187;W3siaWQiOiI5N2ZiNmY1Yi00ODdkLTRmNjUtYjFjZi1kNmYzOTZkNmJmOTMiLCJjb25kaXRpb24iOiJkYXRlVGltZSIsImNvbmRpdGlvblNldHRpbmdzIjp7ImRpc3BsYXlSdWxlIjoiaXNBZnRlciIsImRhdGUiOiIyMDI1LTEwLTMxIiwidGltZSI6IjE4OjAwIiwid2Vla2RheXMiOiJ8IiwiYWxsRGF5Ijoib24iLCJmcm9tVGltZSI6IjAwOjAwIiwidW50aWxUaW1lIjoiMDA6MDAiLCJyZXBlYXQiOiJvZmYiLCJyZXBlYXRGcmVxdWVuY3kiOiJtb250aGx5IiwicmVwZWF0RnJlcXVlbmN5U3BlY2lmaWNEYXlzIjoid2Vla2x5IiwicmVwZWF0RW5kIjoibmV2ZXIiLCJyZXBlYXRVbnRpbERhdGUiOiIyMDI1LTEwLTE4IiwicmVwZWF0VGltZXMiOiIzIiwiYWRtaW5MYWJlbCI6IkRhdGUgJiBUaW1lIiwiZW5hYmxlQ29uZGl0aW9uIjoib24ifSwib3BlcmF0b3IiOiJPUiJ9XQ==&#187; hover_enabled=&#187;0&#8243; global_colors_info=&#187;{}&#187; disabled=&#187;on&#187; sticky_enabled=&#187;0&#8243;][et_pb_column type=&#187;1_2&#8243; _builder_version=&#187;4.16&#8243; custom_padding=&#187;|||&#187; global_colors_info=&#187;{}&#187; custom_padding__hover=&#187;|||&#187;][et_pb_text _builder_version=&#187;4.16&#8243; global_colors_info=&#187;{}&#187;]<\/p>\n<p>Reservationen k\u00f6nnen Online gemacht werden oder via Telefon von Mittwoch \u2013 Freitag (18:00 bis 19:30).<\/p>\n<p>Telefon: 079 615 74 35<\/p>\n<p><span style=\"text-decoration: underline;\"><em>Hinweis: F\u00fcr die Vorpremiere am 15. November, ist keine Reservation n\u00f6tig.<\/em><\/span><\/p>\n<p>&nbsp;<\/p>\n<p>[\/et_pb_text][\/et_pb_column][et_pb_column type=&#187;1_2&#8243; _builder_version=&#187;4.16&#8243; custom_padding=&#187;|||&#187; global_colors_info=&#187;{}&#187; custom_padding__hover=&#187;|||&#187;][et_pb_button button_url=&#187;https:\/\/reservation.ticketleo.com\/event\/33310\/karriere&#187; url_new_window=&#187;on&#187; button_text=&#187;Reservation&#187; button_alignment=&#187;center&#187; disabled_on=&#187;off|off|off&#187; _builder_version=&#187;4.27.4&#8243; custom_button=&#187;on&#187; button_text_color=&#187;#e02b20&#8243; button_font=&#187;||||||||&#187; global_colors_info=&#187;{}&#187;][\/et_pb_button][\/et_pb_column][\/et_pb_row][et_pb_row disabled_on=&#187;off|off|off&#187; admin_label=&#187;SaalPlan&#187; _builder_version=&#187;4.27.4&#8243; custom_padding=&#187;0|0px|0|0px|true|false&#187; global_colors_info=&#187;{}&#187;][et_pb_column type=&#187;4_4&#8243; _builder_version=&#187;4.16&#8243; custom_padding=&#187;|||&#187; global_colors_info=&#187;{}&#187; custom_padding__hover=&#187;|||&#187;][et_pb_text _builder_version=&#187;4.16&#8243; global_colors_info=&#187;{}&#187;]<\/p>\n<h1>Saalplan<\/h1>\n<p>[\/et_pb_text][et_pb_divider _builder_version=&#187;4.16&#8243; custom_margin=&#187;0px||0px&#187; custom_padding=&#187;0px||0px&#187; global_colors_info=&#187;{}&#187;][\/et_pb_divider][et_pb_image src=&#187;https:\/\/stvauw.ch\/theater\/wp-content\/uploads\/sites\/4\/2025\/10\/2025_Theater_Auw_Programm_web-6.png&#187; title_text=&#187;2025_Theater_Auw_Programm_web-6&#8243; show_in_lightbox=&#187;on&#187; align=&#187;center&#187; align_tablet=&#187;center&#187; align_phone=&#187;center&#187; align_last_edited=&#187;on|desktop&#187; _builder_version=&#187;4.27.4&#8243; max_width=&#187;50%&#187; max_width_tablet=&#187;&#187; max_width_phone=&#187;&#187; max_width_last_edited=&#187;on|desktop&#187; module_alignment=&#187;center&#187; global_colors_info=&#187;{}&#187;][\/et_pb_image][\/et_pb_column][\/et_pb_row][et_pb_row disabled_on=&#187;off|off|off&#187; admin_label=&#187;Preise&#187; _builder_version=&#187;4.27.4&#8243; custom_padding=&#187;27px|0px|0|0px|false|false&#187; global_colors_info=&#187;{}&#187;][et_pb_column type=&#187;4_4&#8243; _builder_version=&#187;4.16&#8243; custom_padding=&#187;|||&#187; global_colors_info=&#187;{}&#187; custom_padding__hover=&#187;|||&#187;][et_pb_text _builder_version=&#187;4.16&#8243; global_colors_info=&#187;{}&#187;]<\/p>\n<h1>Preise<\/h1>\n<p>[\/et_pb_text][et_pb_divider _builder_version=&#187;4.16&#8243; custom_margin=&#187;0px||0px&#187; custom_padding=&#187;0px||0px&#187; global_colors_info=&#187;{}&#187;][\/et_pb_divider][et_pb_image src=&#187;https:\/\/stvauw.ch\/theater\/wp-content\/uploads\/sites\/4\/2025\/10\/2025_Theater_Auw_Programm_web-4-Kopie-1.png&#187; title_text=&#187;2025_Theater_Auw_Programm_web-4 &#8211; Kopie&#187; show_in_lightbox=&#187;on&#187; align=&#187;center&#187; align_tablet=&#187;center&#187; align_phone=&#187;center&#187; align_last_edited=&#187;on|desktop&#187; _builder_version=&#187;4.27.4&#8243; max_width=&#187;50%&#187; module_alignment=&#187;center&#187; global_colors_info=&#187;{}&#187;][\/et_pb_image][\/et_pb_column][\/et_pb_row][et_pb_row column_structure=&#187;1_2,1_2&#8243; disabled_on=&#187;off|off|off&#187; admin_label=&#187;Preis Addon&#187; _builder_version=&#187;4.27.4&#8243; global_colors_info=&#187;{}&#187;][et_pb_column type=&#187;1_2&#8243; _builder_version=&#187;4.16&#8243; custom_padding=&#187;|||&#187; global_colors_info=&#187;{}&#187; custom_padding__hover=&#187;|||&#187;][et_pb_text _builder_version=&#187;4.16&#8243; text_font=&#187;||||||||&#187; header_font=&#187;||||||||&#187; text_orientation=&#187;center&#187; global_colors_info=&#187;{}&#187;]<\/p>\n<p style=\"text-align: left;\">Wir akzeptieren Bargeld, Kartenzahlungen wie auch Twint.<\/p>\n<p>[\/et_pb_text][\/et_pb_column][et_pb_column type=&#187;1_2&#8243; _builder_version=&#187;4.16&#8243; custom_padding=&#187;|||&#187; global_colors_info=&#187;{}&#187; custom_padding__hover=&#187;|||&#187;][et_pb_image src=&#187;https:\/\/stvauw.ch\/theater\/wp-content\/uploads\/sites\/4\/2023\/10\/Screenshot-2023-10-28-131023.png&#187; align_tablet=&#187;center&#187; align_phone=&#187;center&#187; align_last_edited=&#187;on|desktop&#187; _builder_version=&#187;4.16&#8243; max_width=&#187;50%&#187; module_alignment=&#187;center&#187; global_colors_info=&#187;{}&#187;][\/et_pb_image][\/et_pb_column][\/et_pb_row][et_pb_row disabled_on=&#187;off|off|off&#187; admin_label=&#187;Sponsoren Titel&#187; _builder_version=&#187;4.27.4&#8243; min_height=&#187;141.5px&#187; custom_padding=&#187;||0px|||&#187; global_colors_info=&#187;{}&#187;][et_pb_column type=&#187;4_4&#8243; _builder_version=&#187;4.16&#8243; custom_padding=&#187;|||&#187; global_colors_info=&#187;{}&#187; custom_padding__hover=&#187;|||&#187;][et_pb_text _builder_version=&#187;4.16&#8243; global_colors_info=&#187;{}&#187;]<\/p>\n<h1>Weiteres<\/h1>\n<p>[\/et_pb_text][et_pb_divider _builder_version=&#187;4.16&#8243; custom_margin=&#187;0px||0px&#187; custom_padding=&#187;0px||0px|||&#187; global_colors_info=&#187;{}&#187;][\/et_pb_divider][\/et_pb_column][\/et_pb_row][et_pb_row column_structure=&#187;1_2,1_2&#8243; _builder_version=&#187;4.27.4&#8243; _module_preset=&#187;default&#187; custom_padding=&#187;2px|||||&#187; global_colors_info=&#187;{}&#187;][et_pb_column type=&#187;1_2&#8243; _builder_version=&#187;4.27.4&#8243; _module_preset=&#187;default&#187; global_colors_info=&#187;{}&#187;][et_pb_text _builder_version=&#187;4.27.4&#8243; _module_preset=&#187;default&#187; global_colors_info=&#187;{}&#187;]<\/p>\n<h2>Essen<\/h2>\n<p><text class=\"_textbox_x434h_15\" direction=\"ltr\" height=\"6.910003662109375\" lengthadjust=\"spacingAndGlyphs\" textlength=\"286.1080322265625\" x=\"94.15570068359375\" y=\"-100.80729675292969\" data-test=\"textbox\">Unser K\u00fcchenteam ist bei den Abendauff\u00fchrungen jeweils von 18.45 bis <\/text><text class=\"_textbox_x434h_15\" direction=\"ltr\" height=\"6.9199981689453125\" lengthadjust=\"spacingAndGlyphs\" textlength=\"284.1520080566406\" x=\"95.56329345703125\" y=\"-89.30729675292969\" data-test=\"textbox\">19.30 Uhr bereit, dich kulinarisch zu verw\u00f6hnen. Am Sonntagnachmittag servieren<\/text><text class=\"_textbox_x434h_15\" direction=\"ltr\" height=\"7.010002136230469\" lengthadjust=\"spacingAndGlyphs\" textlength=\"292.0609817504883\" x=\"93.95330047607422\" y=\"-77.80729675292969\" data-test=\"textbox\"> wir das Essen nach der Auff\u00fchrung. Die Speisekarte findest du hier<\/text><\/p>\n<p>[\/et_pb_text][\/et_pb_column][et_pb_column type=&#187;1_2&#8243; _builder_version=&#187;4.27.4&#8243; _module_preset=&#187;default&#187; global_colors_info=&#187;{}&#187;][et_pb_text _builder_version=&#187;4.27.4&#8243; _module_preset=&#187;default&#187; global_colors_info=&#187;{}&#187;]<\/p>\n<h2>Tombola<\/h2>\n<p>Auch dieses Jahr gibt es wieder unsere beliebte Tombola mit tollen Preisen.<\/p>\n<p><text class=\"_textbox_x434h_15\" direction=\"ltr\" height=\"6.909999847412109\" lengthadjust=\"spacingAndGlyphs\" textlength=\"255.69996643066406\" x=\"94.29570007324219\" y=\"-42.80730056762695\" data-test=\"textbox\">Beim Loskauf w\u00fcnschen wir dir das n\u00f6tige Gl\u00fcck zum Soforttreffer<\/text><text class=\"_textbox_x434h_15\" direction=\"ltr\" height=\"6.909999847412109\" lengthadjust=\"spacingAndGlyphs\" textlength=\"27.51397705078125\" x=\"353.4057312011719\" y=\"-42.80730056762695\" data-test=\"textbox\">. Tolle<\/text><text class=\"_textbox_x434h_15\" direction=\"ltr\" height=\"6.909999847412109\" lengthadjust=\"spacingAndGlyphs\" textlength=\"108.6150131225586\" x=\"93.71329498291016\" y=\"-31.307300567626953\" data-test=\"textbox\"> Preise warten auf dich.<\/text><\/p>\n<p>[\/et_pb_text][\/et_pb_column][\/et_pb_row][et_pb_row disabled_on=&#187;off|off|off&#187; admin_label=&#187;Sponsoren Titel&#187; _builder_version=&#187;4.27.4&#8243; global_colors_info=&#187;{}&#187;][et_pb_column type=&#187;4_4&#8243; _builder_version=&#187;4.16&#8243; custom_padding=&#187;|||&#187; global_colors_info=&#187;{}&#187; custom_padding__hover=&#187;|||&#187;][et_pb_text _builder_version=&#187;4.16&#8243; global_colors_info=&#187;{}&#187;]<\/p>\n<h1>Sponsoren<\/h1>\n<p>[\/et_pb_text][et_pb_divider _builder_version=&#187;4.16&#8243; custom_margin=&#187;0px||0px&#187; custom_padding=&#187;0px||0px&#187; global_colors_info=&#187;{}&#187;][\/et_pb_divider][\/et_pb_column][\/et_pb_row][et_pb_row column_structure=&#187;1_2,1_2&#8243; disabled_on=&#187;off|off|off&#187; admin_label=&#187;Sponsoren Liste&#187; _builder_version=&#187;4.27.4&#8243; custom_padding=&#187;5px|||||&#187; global_colors_info=&#187;{}&#187;][et_pb_column type=&#187;1_2&#8243; _builder_version=&#187;4.16&#8243; custom_padding=&#187;|||&#187; global_colors_info=&#187;{}&#187; custom_padding__hover=&#187;|||&#187;][et_pb_image src=&#187;https:\/\/stvauw.ch\/theater\/wp-content\/uploads\/sites\/4\/2025\/10\/Screenshot-2025-10-28-192222.png&#187; title_text=&#187;Screenshot 2025-10-28 192222&#8243; show_in_lightbox=&#187;on&#187; align=&#187;center&#187; align_tablet=&#187;center&#187; align_phone=&#187;center&#187; align_last_edited=&#187;on|desktop&#187; _builder_version=&#187;4.27.4&#8243; module_alignment=&#187;center&#187; min_height=&#187;373.8px&#187; custom_margin=&#187;13px||||false|false&#187; global_colors_info=&#187;{}&#187;][\/et_pb_image][\/et_pb_column][et_pb_column type=&#187;1_2&#8243; _builder_version=&#187;4.16&#8243; custom_padding=&#187;|||&#187; global_colors_info=&#187;{}&#187; custom_padding__hover=&#187;|||&#187;][et_pb_image src=&#187;https:\/\/stvauw.ch\/theater\/wp-content\/uploads\/sites\/4\/2025\/10\/Screenshot-2025-10-28-192245.png&#187; title_text=&#187;Screenshot 2025-10-28 192245&#8243; show_in_lightbox=&#187;on&#187; align=&#187;center&#187; align_tablet=&#187;center&#187; align_phone=&#187;center&#187; align_last_edited=&#187;on|desktop&#187; _builder_version=&#187;4.27.4&#8243; module_alignment=&#187;center&#187; min_height=&#187;662.8px&#187; global_colors_info=&#187;{}&#187;][\/et_pb_image][\/et_pb_column][\/et_pb_row][\/et_pb_section][et_pb_section fb_built=&#187;1&#8243; _builder_version=&#187;4.27.2&#8243; _module_preset=&#187;default&#187; global_colors_info=&#187;{}&#187;][et_pb_row _builder_version=&#187;4.27.2&#8243; _module_preset=&#187;default&#187; global_colors_info=&#187;{}&#187;][et_pb_column type=&#187;4_4&#8243; _builder_version=&#187;4.27.2&#8243; _module_preset=&#187;default&#187; global_colors_info=&#187;{}&#187;][\/et_pb_column][\/et_pb_row][\/et_pb_section]<\/p>\n","protected":false},"excerpt":{"rendered":"<p>KarriereDie drei Freunde Gusti, Max und Heiri wohnen in einem alten Lager\u00adschuppen der Bademodenfirma Klotzinger. Der bescheidene Mietzins und die\u00a0gutm\u00fctige Unterst\u00fctzung von Roswitha erm\u00f6glichen ihnen ein relativ sorgloses\u00a0Leben. Zwar fehlt jeglicher Luxus, umso mehr geniessen sie es,planlos und ohne Leistungsdruck in den Tag hineinzuleben. Dieses Faulenzerdasein wird bedroht, als die Firma Klotzinger beschliesst,\u00a0den Lagerschuppen f\u00fcr [&hellip;]<\/p>\n","protected":false},"author":9,"featured_media":0,"parent":0,"menu_order":0,"comment_status":"closed","ping_status":"closed","template":"","meta":{"_et_pb_use_builder":"on","_et_pb_old_content":"<!-- wp:ticketleo-events\/event {\"eventId\":14112,\"showMetaDataLabel\":true,\"showMetaDataStatus\":true} \/-->\n\n<!-- wp:ticketleo-events\/eventslist {\"userId\":10201,\"showStatus\":true} \/-->","_et_gb_content_width":"","footnotes":""},"class_list":["post-1487","page","type-page","status-publish","hentry"],"_links":{"self":[{"href":"https:\/\/stvauw.ch\/theater\/wp-json\/wp\/v2\/pages\/1487","targetHints":{"allow":["GET"]}}],"collection":[{"href":"https:\/\/stvauw.ch\/theater\/wp-json\/wp\/v2\/pages"}],"about":[{"href":"https:\/\/stvauw.ch\/theater\/wp-json\/wp\/v2\/types\/page"}],"author":[{"embeddable":true,"href":"https:\/\/stvauw.ch\/theater\/wp-json\/wp\/v2\/users\/9"}],"replies":[{"embeddable":true,"href":"https:\/\/stvauw.ch\/theater\/wp-json\/wp\/v2\/comments?post=1487"}],"version-history":[{"count":117,"href":"https:\/\/stvauw.ch\/theater\/wp-json\/wp\/v2\/pages\/1487\/revisions"}],"predecessor-version":[{"id":2685,"href":"https:\/\/stvauw.ch\/theater\/wp-json\/wp\/v2\/pages\/1487\/revisions\/2685"}],"wp:attachment":[{"href":"https:\/\/stvauw.ch\/theater\/wp-json\/wp\/v2\/media?parent=1487"}],"curies":[{"name":"wp","href":"https:\/\/api.w.org\/{rel}","templated":true}]}}