{"id":1882,"date":"2023-10-21T21:04:49","date_gmt":"2023-10-21T19:04:49","guid":{"rendered":"https:\/\/stvauw.ch\/theater\/?page_id=1882"},"modified":"2025-10-22T21:35:00","modified_gmt":"2025-10-22T19:35:00","slug":"sponsoren-2025","status":"publish","type":"page","link":"https:\/\/stvauw.ch\/theater\/sponsoren-2025\/","title":{"rendered":"Sponsoren 2025"},"content":{"rendered":"<p>[et_pb_section fb_built=&#187;1&#8243; _builder_version=&#187;4.27.2&#8243; _module_preset=&#187;default&#187; global_colors_info=&#187;{}&#187;][et_pb_row _builder_version=&#187;4.27.2&#8243; _module_preset=&#187;default&#187; custom_padding=&#187;||0px|||&#187; global_colors_info=&#187;{}&#187;][et_pb_column type=&#187;4_4&#8243; _builder_version=&#187;4.27.2&#8243; _module_preset=&#187;default&#187; global_colors_info=&#187;{}&#187;][et_pb_text _builder_version=&#187;4.27.2&#8243; _module_preset=&#187;default&#187; global_colors_info=&#187;{}&#187;]<\/p>\n<div class=\"et_pb_row et_pb_row_0\">\n<div class=\"et_pb_column et_pb_column_4_4 et_pb_column_0    et_pb_css_mix_blend_mode_passthrough et-last-child\">\n<div class=\"et_pb_module et_pb_text et_pb_text_0 et_pb_bg_layout_light  et_pb_text_align_left\">\n<div class=\"et_pb_text_inner\">\n<h1>Sponsoren 2025<\/h1>\n<p>Nachfolgend all unsere treuen Sponsoren vom 2025. Euch allen einen ganz herzlichen Dank f\u00fcr die grossartige Unterst\u00fctzung. Dank Euch ist es uns m\u00f6glich, eine derartige Auff\u00fchrung auf die Beine zu stellen und die Kultur aufrechtzuerhalten. DANKE!<\/p>\n<\/div>\n<\/div>\n<\/div>\n<\/div>\n<div class=\"et_pb_row et_pb_row_1\">\n<div class=\"et_pb_column et_pb_column_1_4 et_pb_column_1    et_pb_css_mix_blend_mode_passthrough\">\n<div class=\"et_pb_module et_pb_team_member et_pb_team_member_0 et_pb_bg_layout_light clearfix \"><\/div>\n<\/div>\n<\/div>\n<p>[\/et_pb_text][\/et_pb_column][\/et_pb_row][et_pb_row column_structure=&#187;1_4,1_4,1_4,1_4&#8243; _builder_version=&#187;4.27.2&#8243; _module_preset=&#187;default&#187; global_colors_info=&#187;{}&#187;][et_pb_column type=&#187;1_4&#8243; _builder_version=&#187;4.27.2&#8243; _module_preset=&#187;default&#187; global_colors_info=&#187;{}&#187;][et_pb_team_member name=&#187;Aargauische Kantonalbank&#187; position=&#187;Sins&#187; image_url=&#187;https:\/\/stvauw.ch\/theater\/wp-content\/uploads\/sites\/4\/2025\/10\/MutationAKB-Inserate_A5-quer-Vorfuehrung.jpg&#187; _builder_version=&#187;4.27.4&#8243; _module_preset=&#187;default&#187; global_colors_info=&#187;{}&#187;][\/et_pb_team_member][\/et_pb_column][et_pb_column type=&#187;1_4&#8243; _builder_version=&#187;4.27.2&#8243; _module_preset=&#187;default&#187; global_colors_info=&#187;{}&#187;][et_pb_team_member name=&#187;Airex AG&#187; position=&#187;Sins&#187; image_url=&#187;https:\/\/stvauw.ch\/theater\/wp-content\/uploads\/sites\/4\/2019\/05\/Airex_Sins.jpg&#187; _builder_version=&#187;4.27.2&#8243; _module_preset=&#187;default&#187; global_colors_info=&#187;{}&#187;][\/et_pb_team_member][\/et_pb_column][et_pb_column type=&#187;1_4&#8243; _builder_version=&#187;4.27.2&#8243; _module_preset=&#187;default&#187; global_colors_info=&#187;{}&#187;][et_pb_team_member name=&#187;Bike &#038; Dive GmbH&#187; position=&#187;Auw&#187; image_url=&#187;https:\/\/stvauw.ch\/theater\/wp-content\/uploads\/sites\/4\/2023\/10\/Bike-Dive-Werbung-Theater-Auw.png&#187; _builder_version=&#187;4.27.2&#8243; _module_preset=&#187;default&#187; custom_margin=&#187;40px||||false|false&#187; custom_margin_tablet=&#187;49px||||false|false&#187; custom_margin_phone=&#187;11px||||false|false&#187; custom_margin_last_edited=&#187;on|desktop&#187; custom_padding=&#187;|||0px||&#187; global_colors_info=&#187;{}&#187;][\/et_pb_team_member][\/et_pb_column][et_pb_column type=&#187;1_4&#8243; _builder_version=&#187;4.27.2&#8243; _module_preset=&#187;default&#187; global_colors_info=&#187;{}&#187;][et_pb_team_member name=&#187;Blumen + Pflanzencenter Waldisp\u00fchl&#187; position=&#187;Sins&#187; image_url=&#187;https:\/\/stvauw.ch\/theater\/wp-content\/uploads\/sites\/4\/2019\/05\/Blumen_Waldisp\u00fchl.jpg&#187; _builder_version=&#187;4.27.2&#8243; _module_preset=&#187;default&#187; global_colors_info=&#187;{}&#187;][\/et_pb_team_member][\/et_pb_column][\/et_pb_row][et_pb_row column_structure=&#187;1_4,1_4,1_4,1_4&#8243; _builder_version=&#187;4.27.2&#8243; _module_preset=&#187;default&#187; custom_padding=&#187;18px|||||&#187; global_colors_info=&#187;{}&#187;][et_pb_column type=&#187;1_4&#8243; _builder_version=&#187;4.27.3&#8243; _module_preset=&#187;default&#187; global_colors_info=&#187;{}&#187;][et_pb_team_member name=&#187;Blumerei Auw&#187; position=&#187;Auw&#187; image_url=&#187;https:\/\/stvauw.ch\/theater\/wp-content\/uploads\/sites\/4\/2025\/10\/blumereiauw-scaled.jpg&#187; _builder_version=&#187;4.27.4&#8243; _module_preset=&#187;default&#187; custom_margin=&#187;-10px||||false|false&#187; custom_margin_tablet=&#187;2px||||false|false&#187; custom_margin_phone=&#187;0px||||false|false&#187; custom_margin_last_edited=&#187;on|desktop&#187; custom_padding=&#187;0px||||false|false&#187; global_colors_info=&#187;{}&#187;][\/et_pb_team_member][\/et_pb_column][et_pb_column type=&#187;1_4&#8243; _builder_version=&#187;4.27.2&#8243; _module_preset=&#187;default&#187; global_colors_info=&#187;{}&#187;][et_pb_team_member name=&#187;Budo-Team GmbH&#187; position=&#187;Hochdorf &#038; Lenzburg&#187; image_url=&#187;https:\/\/stvauw.ch\/theater\/wp-content\/uploads\/sites\/4\/2022\/11\/Budo-Team.png&#187; _builder_version=&#187;4.27.2&#8243; _module_preset=&#187;default&#187; custom_margin=&#187;25px||||false|false&#187; custom_margin_tablet=&#187;44px||||false|false&#187; custom_margin_phone=&#187;0px||||false|false&#187; custom_margin_last_edited=&#187;on|desktop&#187; custom_padding=&#187;0px||||false|false&#187; global_colors_info=&#187;{}&#187;][\/et_pb_team_member][\/et_pb_column][et_pb_column type=&#187;1_4&#8243; _builder_version=&#187;4.27.2&#8243; _module_preset=&#187;default&#187; global_colors_info=&#187;{}&#187;][et_pb_team_member name=&#187;B\u00fctler Elektro Telecom AG&#187; position=&#187;Muri &#8211; Sins &#8211; Dintikon&#187; image_url=&#187;https:\/\/stvauw.ch\/theater\/wp-content\/uploads\/sites\/4\/2022\/11\/Buetler-Elektro-1.png&#187; _builder_version=&#187;4.27.2&#8243; _module_preset=&#187;default&#187; custom_margin=&#187;1px||||false|false&#187; custom_margin_tablet=&#187;21px||||false|false&#187; custom_margin_phone=&#187;21px||||false|false&#187; custom_margin_last_edited=&#187;on|desktop&#187; global_colors_info=&#187;{}&#187;][\/et_pb_team_member][\/et_pb_column][et_pb_column type=&#187;1_4&#8243; _builder_version=&#187;4.27.2&#8243; _module_preset=&#187;default&#187; global_colors_info=&#187;{}&#187;][et_pb_team_member name=&#187;Curaden AG&#187; position=&#187;Kriens&#187; image_url=&#187;https:\/\/stvauw.ch\/theater\/wp-content\/uploads\/sites\/4\/2022\/11\/Curaden-AG-3.png&#187; _builder_version=&#187;4.27.2&#8243; _module_preset=&#187;default&#187; width=&#187;100%&#187; custom_margin=&#187;6px||||false|false&#187; custom_margin_tablet=&#187;23px||||false|false&#187; custom_margin_phone=&#187;9px||||false|false&#187; custom_margin_last_edited=&#187;on|desktop&#187; custom_padding=&#187;|||3px||&#187; global_colors_info=&#187;{}&#187;][\/et_pb_team_member][\/et_pb_column][\/et_pb_row][et_pb_row column_structure=&#187;1_4,1_4,1_4,1_4&#8243; _builder_version=&#187;4.27.2&#8243; _module_preset=&#187;default&#187; custom_padding=&#187;14px||5px|||&#187; global_colors_info=&#187;{}&#187;][et_pb_column type=&#187;1_4&#8243; _builder_version=&#187;4.27.3&#8243; _module_preset=&#187;default&#187; global_colors_info=&#187;{}&#187;][et_pb_team_member name=&#187;Engel Tore&#187; position=&#187;Abtwil&#187; image_url=&#187;https:\/\/stvauw.ch\/theater\/wp-content\/uploads\/sites\/4\/2019\/05\/Engel_Tore.jpg&#187; _builder_version=&#187;4.27.2&#8243; _module_preset=&#187;default&#187; custom_margin=&#187;115px||||false|false&#187; custom_margin_tablet=&#187;74px||||false|false&#187; custom_margin_phone=&#187;0px||||false|false&#187; custom_margin_last_edited=&#187;on|desktop&#187; global_colors_info=&#187;{}&#187;][\/et_pb_team_member][\/et_pb_column][et_pb_column type=&#187;1_4&#8243; _builder_version=&#187;4.27.2&#8243; _module_preset=&#187;default&#187; global_colors_info=&#187;{}&#187;][et_pb_team_member name=&#187;Flow Gym&#187; position=&#187;Sins&#187; image_url=&#187;https:\/\/stvauw.ch\/theater\/wp-content\/uploads\/sites\/4\/2025\/10\/MutationFlowGym_1080x1080_Digital-scaled.png&#187; _builder_version=&#187;4.27.4&#8243; _module_preset=&#187;default&#187; custom_margin=&#187;63px||||false|false&#187; custom_margin_tablet=&#187;1px||||false|false&#187; custom_margin_phone=&#187;0px||||false|false&#187; custom_margin_last_edited=&#187;on|desktop&#187; global_colors_info=&#187;{}&#187;][\/et_pb_team_member][\/et_pb_column][et_pb_column type=&#187;1_4&#8243; _builder_version=&#187;4.27.2&#8243; _module_preset=&#187;default&#187; global_colors_info=&#187;{}&#187;][et_pb_team_member name=&#187;Garage Kandy Weber&#187; position=&#187;Muri&#187; image_url=&#187;https:\/\/stvauw.ch\/theater\/wp-content\/uploads\/sites\/4\/2022\/11\/Garage-Kandy-Weber.png&#187; _builder_version=&#187;4.27.3&#8243; _module_preset=&#187;default&#187; custom_margin=&#187;174px||||false|false&#187; custom_margin_tablet=&#187;244px||||false|false&#187; custom_margin_phone=&#187;0px||||false|false&#187; custom_margin_last_edited=&#187;on|tablet&#187; custom_padding=&#187;0px||||false|false&#187; global_colors_info=&#187;{}&#187;][\/et_pb_team_member][\/et_pb_column][et_pb_column type=&#187;1_4&#8243; _builder_version=&#187;4.27.2&#8243; _module_preset=&#187;default&#187; global_colors_info=&#187;{}&#187;][et_pb_team_member name=&#187;Glas-Inspirations.ch&#187; position=&#187;Auw&#187; image_url=&#187;https:\/\/stvauw.ch\/theater\/wp-content\/uploads\/sites\/4\/2024\/10\/gals-insp-1.png&#187; _builder_version=&#187;4.27.2&#8243; _module_preset=&#187;default&#187; global_colors_info=&#187;{}&#187;][\/et_pb_team_member][\/et_pb_column][\/et_pb_row][et_pb_row column_structure=&#187;1_4,1_4,1_4,1_4&#8243; _builder_version=&#187;4.27.2&#8243; _module_preset=&#187;default&#187; custom_padding=&#187;||5px|2px||&#187; global_colors_info=&#187;{}&#187;][et_pb_column type=&#187;1_4&#8243; _builder_version=&#187;4.27.3&#8243; _module_preset=&#187;default&#187; global_colors_info=&#187;{}&#187;][et_pb_team_member name=&#187;Grolimund AG&#187; position=&#187;Muri&#187; image_url=&#187;https:\/\/stvauw.ch\/theater\/wp-content\/uploads\/sites\/4\/2023\/11\/GP951006_inserat-theater-auw.png&#187; _builder_version=&#187;4.27.3&#8243; _module_preset=&#187;default&#187; custom_margin=&#187;19px||||false|false&#187; custom_margin_tablet=&#187;8px||||false|false&#187; custom_margin_phone=&#187;0px||||false|false&#187; custom_margin_last_edited=&#187;on|desktop&#187; custom_padding=&#187;|||2px||&#187; global_colors_info=&#187;{}&#187;][\/et_pb_team_member][\/et_pb_column][et_pb_column type=&#187;1_4&#8243; _builder_version=&#187;4.27.2&#8243; _module_preset=&#187;default&#187; global_colors_info=&#187;{}&#187;][et_pb_team_member name=&#187;Hartmann Logistik&#187; position=&#187;Meienberg &#8211; Sins&#187; image_url=&#187;https:\/\/stvauw.ch\/theater\/wp-content\/uploads\/sites\/4\/2019\/05\/Hartmann_Logistik.jpg&#187; _builder_version=&#187;4.27.3&#8243; _module_preset=&#187;default&#187; custom_margin=&#187;15px||||false|false&#187; custom_margin_tablet=&#187;0px||||false|false&#187; custom_margin_phone=&#187;0px||||false|false&#187; custom_margin_last_edited=&#187;on|desktop&#187; custom_padding=&#187;0px||||false|false&#187; global_colors_info=&#187;{}&#187;][\/et_pb_team_member][\/et_pb_column][et_pb_column type=&#187;1_4&#8243; _builder_version=&#187;4.27.2&#8243; _module_preset=&#187;default&#187; global_colors_info=&#187;{}&#187;][et_pb_team_member name=&#187;Huber Autoverwertung AG&#187; position=&#187;Sins-Meienberg&#187; image_url=&#187;https:\/\/stvauw.ch\/theater\/wp-content\/uploads\/sites\/4\/2019\/05\/Huber_Autoverwertung.jpg&#187; _builder_version=&#187;4.27.2&#8243; _module_preset=&#187;default&#187; custom_margin=&#187;4px||||false|false&#187; custom_margin_tablet=&#187;0px||||false|false&#187; custom_margin_phone=&#187;0px||||false|false&#187; custom_margin_last_edited=&#187;on|desktop&#187; custom_padding=&#187;16px||||false|false&#187; global_colors_info=&#187;{}&#187;][\/et_pb_team_member][\/et_pb_column][et_pb_column type=&#187;1_4&#8243; _builder_version=&#187;4.27.2&#8243; _module_preset=&#187;default&#187; global_colors_info=&#187;{}&#187;][et_pb_team_member name=&#187;Huwyler Metzgerei &#038; Partyservice&#187; position=&#187;Auw + Beinwil&#187; image_url=&#187;https:\/\/stvauw.ch\/theater\/wp-content\/uploads\/sites\/4\/2022\/11\/Metzgerei_Huwyler_farbig-1.png&#187; _builder_version=&#187;4.27.2&#8243; _module_preset=&#187;default&#187; custom_margin=&#187;2px||||false|false&#187; custom_margin_tablet=&#187;0px||||false|false&#187; custom_margin_phone=&#187;0px||||false|false&#187; custom_margin_last_edited=&#187;on|desktop&#187; custom_padding=&#187;16px||0px||false|false&#187; global_colors_info=&#187;{}&#187;][\/et_pb_team_member][\/et_pb_column][\/et_pb_row][et_pb_row column_structure=&#187;1_4,1_4,1_4,1_4&#8243; _builder_version=&#187;4.27.2&#8243; _module_preset=&#187;default&#187; custom_padding=&#187;||5px|2px||&#187; global_colors_info=&#187;{}&#187;][et_pb_column type=&#187;1_4&#8243; _builder_version=&#187;4.27.3&#8243; _module_preset=&#187;default&#187; global_colors_info=&#187;{}&#187;][et_pb_team_member name=&#187;K\u00c4FA Peter K\u00e4ppeli&#187; position=&#187;Auw&#187; image_url=&#187;https:\/\/stvauw.ch\/theater\/wp-content\/uploads\/sites\/4\/2019\/05\/K\u00e4fa.jpg&#187; _builder_version=&#187;4.27.3&#8243; _module_preset=&#187;default&#187; custom_margin=&#187;173px||||false|false&#187; custom_margin_tablet=&#187;235px||||false|false&#187; custom_margin_phone=&#187;0px||||false|false&#187; custom_margin_last_edited=&#187;on|tablet&#187; custom_padding=&#187;0px|||3px|false|false&#187; global_colors_info=&#187;{}&#187;][\/et_pb_team_member][\/et_pb_column][et_pb_column type=&#187;1_4&#8243; _builder_version=&#187;4.27.2&#8243; _module_preset=&#187;default&#187; global_colors_info=&#187;{}&#187;][et_pb_team_member name=&#187;Kreuzfeld Garage GmbH&#187; position=&#187;Meienberg&#187; image_url=&#187;https:\/\/stvauw.ch\/theater\/wp-content\/uploads\/sites\/4\/2024\/10\/Kreuzfeld-Garage.png&#187; _builder_version=&#187;4.27.2&#8243; _module_preset=&#187;default&#187; custom_padding=&#187;|||0px||&#187; global_colors_info=&#187;{}&#187;][\/et_pb_team_member][\/et_pb_column][et_pb_column type=&#187;1_4&#8243; _builder_version=&#187;4.27.2&#8243; _module_preset=&#187;default&#187; global_colors_info=&#187;{}&#187;][et_pb_team_member name=&#187;K\u00fcng Haustechnik Beinwil GmbH&#187; position=&#187;Beinwil&#187; image_url=&#187;https:\/\/stvauw.ch\/theater\/wp-content\/uploads\/sites\/4\/2025\/10\/MutationKueng_Logo_aufBlau.jpg&#187; _builder_version=&#187;4.27.4&#8243; _module_preset=&#187;default&#187; min_height=&#187;217.9px&#187; custom_margin=&#187;150px||||false|false&#187; custom_margin_tablet=&#187;-3px||||false|false&#187; custom_margin_phone=&#187;-3px||||false|false&#187; custom_margin_last_edited=&#187;on|desktop&#187; custom_padding=&#187;130px|||||&#187; hover_enabled=&#187;0&#8243; global_colors_info=&#187;{}&#187; sticky_enabled=&#187;0&#8243;][\/et_pb_team_member][\/et_pb_column][et_pb_column type=&#187;1_4&#8243; _builder_version=&#187;4.27.2&#8243; _module_preset=&#187;default&#187; global_colors_info=&#187;{}&#187;][et_pb_team_member name=&#187;Lade am Bach&#187; position=&#187;Auw&#187; image_url=&#187;https:\/\/stvauw.ch\/theater\/wp-content\/uploads\/sites\/4\/2024\/10\/Laden-am-bach.png&#187; _builder_version=&#187;4.27.3&#8243; _module_preset=&#187;default&#187; min_height=&#187;192.8px&#187; custom_margin=&#187;183px||||false|false&#187; custom_margin_tablet=&#187;-3px||||false|false&#187; custom_margin_phone=&#187;-6px||||false|false&#187; custom_margin_last_edited=&#187;on|tablet&#187; custom_padding=&#187;3px|||||&#187; global_colors_info=&#187;{}&#187;][\/et_pb_team_member][\/et_pb_column][\/et_pb_row][et_pb_row column_structure=&#187;1_4,1_4,1_4,1_4&#8243; _builder_version=&#187;4.27.2&#8243; _module_preset=&#187;default&#187; custom_padding=&#187;12px||5px|2px||&#187; global_colors_info=&#187;{}&#187;][et_pb_column type=&#187;1_4&#8243; _builder_version=&#187;4.27.3&#8243; _module_preset=&#187;default&#187; global_colors_info=&#187;{}&#187;][et_pb_team_member name=&#187;Optik Nacken GmbH&#187; position=&#187;Muri&#187; image_url=&#187;https:\/\/stvauw.ch\/theater\/wp-content\/uploads\/sites\/4\/2019\/05\/Optik_Nacken.jpg&#187; _builder_version=&#187;4.27.3&#8243; _module_preset=&#187;default&#187; min_height=&#187;156.4px&#187; custom_margin=&#187;-1px||||false|false&#187; custom_margin_tablet=&#187;0px|||||&#187; custom_margin_phone=&#187;0px|||||&#187; custom_margin_last_edited=&#187;on|desktop&#187; global_colors_info=&#187;{}&#187;][\/et_pb_team_member][\/et_pb_column][et_pb_column type=&#187;1_4&#8243; _builder_version=&#187;4.27.2&#8243; _module_preset=&#187;default&#187; global_colors_info=&#187;{}&#187;][et_pb_team_member name=&#187;Raiffeisenbank Reuss-Lindenberg&#187; position=&#187;Auw&#187; image_url=&#187;https:\/\/stvauw.ch\/theater\/wp-content\/uploads\/sites\/4\/2022\/11\/Raiffeisenbank-Auw.png&#187; _builder_version=&#187;4.27.2&#8243; _module_preset=&#187;default&#187; custom_margin=&#187;-14px|||||&#187; custom_padding=&#187;63px|||3px||&#187; global_colors_info=&#187;{}&#187;][\/et_pb_team_member][\/et_pb_column][et_pb_column type=&#187;1_4&#8243; _builder_version=&#187;4.27.2&#8243; _module_preset=&#187;default&#187; global_colors_info=&#187;{}&#187;][et_pb_team_member name=&#187;R. Nussbaum AG&#187; position=&#187;Olten&#187; image_url=&#187;https:\/\/stvauw.ch\/theater\/wp-content\/uploads\/sites\/4\/2019\/11\/Nussbaum.jpg&#187; _builder_version=&#187;4.27.2&#8243; _module_preset=&#187;default&#187; custom_padding=&#187;1px|||||&#187; global_colors_info=&#187;{}&#187;][\/et_pb_team_member][\/et_pb_column][et_pb_column type=&#187;1_4&#8243; _builder_version=&#187;4.27.2&#8243; _module_preset=&#187;default&#187; global_colors_info=&#187;{}&#187;][et_pb_team_member name=&#187;Schreinerei K\u00c4PPELI AG&#187; position=&#187;Merenschwand&#187; image_url=&#187;https:\/\/stvauw.ch\/theater\/wp-content\/uploads\/sites\/4\/2025\/10\/MutationSchreinereiKAePPELI_-scaled.png&#187; _builder_version=&#187;4.27.4&#8243; _module_preset=&#187;default&#187; global_colors_info=&#187;{}&#187;][\/et_pb_team_member][\/et_pb_column][\/et_pb_row][et_pb_row column_structure=&#187;1_4,1_4,1_4,1_4&#8243; _builder_version=&#187;4.27.2&#8243; _module_preset=&#187;default&#187; custom_padding=&#187;9px||5px|2px||&#187; global_colors_info=&#187;{}&#187;][et_pb_column type=&#187;1_4&#8243; _builder_version=&#187;4.27.3&#8243; _module_preset=&#187;default&#187; global_colors_info=&#187;{}&#187;][et_pb_team_member name=&#187;Schumacher Druckerei&#187; position=&#187;Muri&#187; image_url=&#187;https:\/\/stvauw.ch\/theater\/wp-content\/uploads\/sites\/4\/2022\/11\/Schumacher-Druckerei.jpg&#187; _builder_version=&#187;4.27.2&#8243; _module_preset=&#187;default&#187; global_colors_info=&#187;{}&#187;][\/et_pb_team_member][\/et_pb_column][et_pb_column type=&#187;1_4&#8243; _builder_version=&#187;4.27.2&#8243; _module_preset=&#187;default&#187; global_colors_info=&#187;{}&#187;][et_pb_team_member name=&#187;Stanserhorn-Bahn AG&#187; position=&#187;Stans&#187; image_url=&#187;https:\/\/stvauw.ch\/theater\/wp-content\/uploads\/sites\/4\/2024\/10\/Stanserhorn_CabriO_Logo_rgb.jpg&#187; _builder_version=&#187;4.27.2&#8243; _module_preset=&#187;default&#187; custom_padding=&#187;36px|||||&#187; global_colors_info=&#187;{}&#187;][\/et_pb_team_member][\/et_pb_column][et_pb_column type=&#187;1_4&#8243; _builder_version=&#187;4.27.2&#8243; _module_preset=&#187;default&#187; global_colors_info=&#187;{}&#187;][et_pb_team_member name=&#187;Staubli-Banz Getr\u00e4nke AG&#187; position=&#187;Muri \/ Sins&#187; image_url=&#187;https:\/\/stvauw.ch\/theater\/wp-content\/uploads\/sites\/4\/2023\/10\/Staubli-Inserat-farbig-\u00bd-DRUCK.png&#187; _builder_version=&#187;4.27.2&#8243; _module_preset=&#187;default&#187; custom_padding=&#187;|||3px||&#187; global_colors_info=&#187;{}&#187;][\/et_pb_team_member][\/et_pb_column][et_pb_column type=&#187;1_4&#8243; _builder_version=&#187;4.27.2&#8243; _module_preset=&#187;default&#187; global_colors_info=&#187;{}&#187;][et_pb_team_member name=&#187;Stoff &#038; Wulleh\u00fcsli, Heidi Keller&#187; position=&#187;Muri&#187; image_url=&#187;https:\/\/stvauw.ch\/theater\/wp-content\/uploads\/sites\/4\/2019\/05\/Stoff_Wulleh\u00fcsli.jpg&#187; _builder_version=&#187;4.27.2&#8243; _module_preset=&#187;default&#187; global_colors_info=&#187;{}&#187;][\/et_pb_team_member][\/et_pb_column][\/et_pb_row][et_pb_row column_structure=&#187;1_4,1_4,1_4,1_4&#8243; _builder_version=&#187;4.27.2&#8243; _module_preset=&#187;default&#187; custom_padding=&#187;15px||5px|2px||&#187; global_colors_info=&#187;{}&#187;][et_pb_column type=&#187;1_4&#8243; _builder_version=&#187;4.27.3&#8243; _module_preset=&#187;default&#187; global_colors_info=&#187;{}&#187;][et_pb_team_member name=&#187;Texiphera, N\u00e4hatelier&#187; position=&#187;Merenschwand&#187; image_url=&#187;https:\/\/stvauw.ch\/theater\/wp-content\/uploads\/sites\/4\/2019\/05\/Texiphera.jpg&#187; _builder_version=&#187;4.27.2&#8243; _module_preset=&#187;default&#187; custom_padding=&#187;|||3px||&#187; global_colors_info=&#187;{}&#187;][\/et_pb_team_member][\/et_pb_column][et_pb_column type=&#187;1_4&#8243; _builder_version=&#187;4.27.2&#8243; _module_preset=&#187;default&#187; global_colors_info=&#187;{}&#187;][et_pb_team_member name=&#187;Troxler Schreinerei + Innenausbau GmbH&#187; position=&#187;Auw&#187; image_url=&#187;https:\/\/stvauw.ch\/theater\/wp-content\/uploads\/sites\/4\/2019\/05\/Troxler_Schreinerei.jpg&#187; _builder_version=&#187;4.27.2&#8243; _module_preset=&#187;default&#187; global_colors_info=&#187;{}&#187;][\/et_pb_team_member][\/et_pb_column][et_pb_column type=&#187;1_4&#8243; _builder_version=&#187;4.27.2&#8243; _module_preset=&#187;default&#187; global_colors_info=&#187;{}&#187;][et_pb_team_member name=&#187;Weingut Hartmann AG&#187; position=&#187;Remigen&#187; image_url=&#187;https:\/\/stvauw.ch\/theater\/wp-content\/uploads\/sites\/4\/2022\/11\/Hartmann-Weine.png&#187; _builder_version=&#187;4.27.2&#8243; _module_preset=&#187;default&#187; custom_margin=&#187;17px|||||&#187; custom_padding=&#187;|||0px||&#187; global_colors_info=&#187;{}&#187;][\/et_pb_team_member][\/et_pb_column][et_pb_column type=&#187;1_4&#8243; _builder_version=&#187;4.27.2&#8243; _module_preset=&#187;default&#187; global_colors_info=&#187;{}&#187;][\/et_pb_column][\/et_pb_row][\/et_pb_section]<\/p>\n","protected":false},"excerpt":{"rendered":"<p>Sponsoren 2025 Nachfolgend all unsere treuen Sponsoren vom 2025. Euch allen einen ganz herzlichen Dank f\u00fcr die grossartige Unterst\u00fctzung. Dank Euch ist es uns m\u00f6glich, eine derartige Auff\u00fchrung auf die Beine zu stellen und die Kultur aufrechtzuerhalten. DANKE!<\/p>\n","protected":false},"author":9,"featured_media":0,"parent":0,"menu_order":0,"comment_status":"closed","ping_status":"closed","template":"","meta":{"_et_pb_use_builder":"on","_et_pb_old_content":"","_et_gb_content_width":"","footnotes":""},"class_list":["post-1882","page","type-page","status-publish","hentry"],"_links":{"self":[{"href":"https:\/\/stvauw.ch\/theater\/wp-json\/wp\/v2\/pages\/1882","targetHints":{"allow":["GET"]}}],"collection":[{"href":"https:\/\/stvauw.ch\/theater\/wp-json\/wp\/v2\/pages"}],"about":[{"href":"https:\/\/stvauw.ch\/theater\/wp-json\/wp\/v2\/types\/page"}],"author":[{"embeddable":true,"href":"https:\/\/stvauw.ch\/theater\/wp-json\/wp\/v2\/users\/9"}],"replies":[{"embeddable":true,"href":"https:\/\/stvauw.ch\/theater\/wp-json\/wp\/v2\/comments?post=1882"}],"version-history":[{"count":53,"href":"https:\/\/stvauw.ch\/theater\/wp-json\/wp\/v2\/pages\/1882\/revisions"}],"predecessor-version":[{"id":2626,"href":"https:\/\/stvauw.ch\/theater\/wp-json\/wp\/v2\/pages\/1882\/revisions\/2626"}],"wp:attachment":[{"href":"https:\/\/stvauw.ch\/theater\/wp-json\/wp\/v2\/media?parent=1882"}],"curies":[{"name":"wp","href":"https:\/\/api.w.org\/{rel}","templated":true}]}}