{"id":231,"date":"2019-06-06T18:27:34","date_gmt":"2019-06-06T16:27:34","guid":{"rendered":"https:\/\/stvauw.ch\/theater\/?page_id=231"},"modified":"2026-01-17T11:50:05","modified_gmt":"2026-01-17T10:50:05","slug":"home","status":"publish","type":"page","link":"https:\/\/stvauw.ch\/theater\/","title":{"rendered":"Home"},"content":{"rendered":"<p>[et_pb_section fb_built=&#187;1&#8243; _builder_version=&#187;4.27.4&#8243; module_alignment=&#187;center&#187; custom_padding=&#187;50px|0px|50px|0px|false|false&#187; global_colors_info=&#187;{}&#187;][et_pb_row _builder_version=&#187;4.27.4&#8243; module_alignment=&#187;center&#187; custom_margin=&#187;|auto||126px||&#187; custom_padding=&#187;8px|0px|0|0px|false|false&#187; hover_enabled=&#187;0&#8243; global_colors_info=&#187;{}&#187; sticky_enabled=&#187;0&#8243;][et_pb_column type=&#187;4_4&#8243; _builder_version=&#187;4.16&#8243; custom_padding=&#187;|||&#187; global_colors_info=&#187;{}&#187; custom_padding__hover=&#187;|||&#187;][et_pb_button button_text=&#187;Zum Interview&#187; _builder_version=&#187;4.27.4&#8243; _module_preset=&#187;default&#187; hover_enabled=&#187;0&#8243; sticky_enabled=&#187;0&#8243; button_url=&#187;https:\/\/stvauw.ch\/theater\/kral&#187;][\/et_pb_button][et_pb_text _builder_version=&#187;4.16&#8243; global_colors_info=&#187;{}&#187;]<\/p>\n<h1>Der Theatervorhang ging zu \u2013 die Regisseurin wurde verabschiedet<\/h1>\n<p><strong>Die Derni\u00e8re der Theatergruppe Auw beendete die erfolgreiche Theatersaison und zugleich auch die langj\u00e4hrige und erfolgreiche Regiet\u00e4tigkeit von Hanna Gehrig. Wie alle vorangegangenen Auff\u00fchrungen, war auch die letzte Vorstellung ausverkauft und bildete den passenden Rahmen f\u00fcr die Kom\u00f6die \u00abKarriere\u00bb.\u00a0<\/strong><\/p>\n<p><strong>Bademode im Zentrum<\/strong><\/p>\n<p>Hanna Gehrig sorgte einmal mehr f\u00fcr eine passende Besetzung der Rollen. Die Schauspieler spielten diese hervorragend und l\u00f6sten bei einigen skurrilen Situationen herzhafte Lacher im Publikum aus. Im Zentrum des St\u00fcckes stehen Bademode, Liebe und vor allem die Karriere von drei Tagedieben, die zu erfolgreichen Bademoden-Gesch\u00e4ftsherren werden. Da ist aber auch ein Bademodepatron mit genau dem umgekehrten Weg, der sich durch einen Neubau \u00fcbernommen hat. Zwei Verliebte, Gusti und Eva, lieben sich, finden jedoch erst am Ende des dritten Aktes ihr Gl\u00fcck. Da g\u00f6nnen sich zwei Gro\u00dfh\u00e4ndler den Erfolg nicht, sp\u00e4ter Sympathien f\u00fcreinander entwickeln und die Bademode gemeinsam auf den Markt bringen wollen. Die gutm\u00fctige Roswitha darf nicht fehlen, die zur Vagabundenzeit der drei Herren immer wieder zum Rechten schaut, im Unternehmen dann eine unverzichtbare Rolle einnimmt. Bleibt noch die pr\u00fcde Moraltante, die Sitte und Anstand an jedem Zentimeter Stoff messen will und die bilinguale Chefassistentin, die auf Glockenschlag alles herbeischaffte, was den Herren f\u00fcr ihre Verhandlungen wichtig ist.<\/p>\n<p><strong>Sogar Improtheater klappte hervorragend<\/strong><\/p>\n<p>Ludwig Stecher, Pr\u00e4sident der Theatergruppe Auw, spielte den Patron Klotzinger und spickte an dieser letzten Vorf\u00fchrung gekonnt Textpassagen ein, mit denen er auf die vakante Regieposition hinweisen wollte. Dabei verlor er selber f\u00fcr einen Moment den Textfaden was aber gut zum Momentum passte und damit noch mehr Lacher beim Publikum ausl\u00f6ste als dies im Drehbuch vorgesehen war. Wie in einem richtigen Improtheater wurde diese Situation gekonnt von ihm und dem Ensemble aufgefangen und war eine zus\u00e4tzliche Bereicherung an diesem Abend.<\/p>\n<p><strong>Verabschiedung der Regisseurin Hanna Gehrig<\/strong><\/p>\n<p>Nach 25 Jahren Regie am Theater Auw gehen f\u00fcr Hanna Gehrig tolle Jahre voller bewegender St\u00fccke und vielen Auff\u00fchrungen zu Ende. Hanna Gehrig hat mit viel Leidenschaft und Inspiration jedes Jahr aufs Neue Theaterst\u00fccke auf die B\u00fchne gezaubert und das Ensemble mit Kompetenz und Herz gef\u00fchrt. Beim Schlussbild schilderte Hanna Gehrig ein paar ihr wichtige Eindr\u00fccke, wie sie diese Jahre erlebt hatte. Sie dankte allen langj\u00e4hrigen Begleitern und Schauspielern und betonte, wie sehr ihr die Zusammenarbeit mit dem Ensemble, dem gesamten Team rund um die B\u00fchne und dem Publikum Freude bereitet hat. Auch wenn sie in Proben mal einen strengeren Ton anschlug, blieb die Stimmung stets positiv und die Motivation gro\u00df \u2013 was letztlich zu grossartigen Leistungen auf der B\u00fchne f\u00fchrte. Das Publikum belohnte ihre letzte B\u00fchnenpr\u00e4senz mit einem langanhaltenden und verdienten Applaus. Der Pr\u00e4sident w\u00fcrdigte ihre Verdienste mit eindrucksvollen Zahlen, dankte ihr herzlich und \u00fcberreichte ihr Blumen als ein Zeichen der Wertsch\u00e4tzung.<\/p>\n<p><strong>Ein grosser Dank f\u00fcr euren Besuch<\/strong><\/p>\n<p>Liebe Freunde des Theaters, wir danken euch herzlich f\u00fcr euren Besuch an den diesj\u00e4hrigen Auff\u00fchrungen und das tolle Zusammensein. Die turnenden Vereine von Auw und die Theatergruppe freuen sich bereits auf die n\u00e4chste Theatersaison 2026. Wir w\u00fcnschen allen eine sch\u00f6ne Weihnachtszeit und alles Gute im neuen Jahr.<\/p>\n<p>&nbsp;<\/p>\n<p>Herzliche Gr\u00fcsse Theater Auw<\/p>\n<p>[\/et_pb_text][et_pb_button button_url=&#187;https:\/\/stvauw.ch\/theater\/anmeldung-sponsoring\/&#187; button_text=&#187;Sponsoren Anmeldung&#187; disabled_on=&#187;on|on|on&#187; _builder_version=&#187;4.27.4&#8243; custom_button=&#187;on&#187; button_text_color=&#187;#e02b20&#8243; button_font=&#187;||||||||&#187; button_icon=&#187;&#x24;||divi||400&#8243; disabled=&#187;on&#187; global_colors_info=&#187;{}&#187;][\/et_pb_button][et_pb_button button_url=&#187;https:\/\/reservation.ticketleo.com\/event\/33310\/karriere&#187; button_text=&#187;Reservation&#187; disabled_on=&#187;on|on|on&#187; _builder_version=&#187;4.27.4&#8243; custom_button=&#187;on&#187; button_text_color=&#187;#e02b20&#8243; button_font=&#187;||||||||&#187; button_icon=&#187;&#x24;||divi||400&#8243; disabled=&#187;on&#187; global_colors_info=&#187;{}&#187;][\/et_pb_button][et_pb_gallery gallery_ids=&#187;2674,2678,2676,2677,2680,2679,2675&#8243; fullwidth=&#187;on&#187; _builder_version=&#187;4.27.4&#8243; title_font=&#187;||||||||&#187; pagination_font=&#187;||||||||&#187; max_width=&#187;60%&#187; max_width_tablet=&#187;75%&#187; max_width_phone=&#187;100%&#187; max_width_last_edited=&#187;on|desktop&#187; module_alignment=&#187;center&#187; box_shadow_style=&#187;preset2&#8243; global_colors_info=&#187;{}&#187;][\/et_pb_gallery][\/et_pb_column][\/et_pb_row][et_pb_row _builder_version=&#187;4.16&#8243; global_colors_info=&#187;{}&#187;][et_pb_column type=&#187;4_4&#8243; _builder_version=&#187;4.16&#8243; custom_padding=&#187;|||&#187; global_colors_info=&#187;{}&#187; custom_padding__hover=&#187;|||&#187;][\/et_pb_column][\/et_pb_row][\/et_pb_section]<\/p>\n","protected":false},"excerpt":{"rendered":"<p>Der Theatervorhang ging zu \u2013 die Regisseurin wurde verabschiedet Die Derni\u00e8re der Theatergruppe Auw beendete die erfolgreiche Theatersaison und zugleich auch die langj\u00e4hrige und erfolgreiche Regiet\u00e4tigkeit von Hanna Gehrig. Wie alle vorangegangenen Auff\u00fchrungen, war auch die letzte Vorstellung ausverkauft und bildete den passenden Rahmen f\u00fcr die Kom\u00f6die \u00abKarriere\u00bb.\u00a0 Bademode im Zentrum Hanna Gehrig sorgte einmal [&hellip;]<\/p>\n","protected":false},"author":6,"featured_media":2124,"parent":0,"menu_order":0,"comment_status":"closed","ping_status":"closed","template":"","meta":{"_et_pb_use_builder":"on","_et_pb_old_content":"","_et_gb_content_width":"","footnotes":""},"class_list":["post-231","page","type-page","status-publish","has-post-thumbnail","hentry"],"_links":{"self":[{"href":"https:\/\/stvauw.ch\/theater\/wp-json\/wp\/v2\/pages\/231","targetHints":{"allow":["GET"]}}],"collection":[{"href":"https:\/\/stvauw.ch\/theater\/wp-json\/wp\/v2\/pages"}],"about":[{"href":"https:\/\/stvauw.ch\/theater\/wp-json\/wp\/v2\/types\/page"}],"author":[{"embeddable":true,"href":"https:\/\/stvauw.ch\/theater\/wp-json\/wp\/v2\/users\/6"}],"replies":[{"embeddable":true,"href":"https:\/\/stvauw.ch\/theater\/wp-json\/wp\/v2\/comments?post=231"}],"version-history":[{"count":79,"href":"https:\/\/stvauw.ch\/theater\/wp-json\/wp\/v2\/pages\/231\/revisions"}],"predecessor-version":[{"id":2710,"href":"https:\/\/stvauw.ch\/theater\/wp-json\/wp\/v2\/pages\/231\/revisions\/2710"}],"wp:featuredmedia":[{"embeddable":true,"href":"https:\/\/stvauw.ch\/theater\/wp-json\/wp\/v2\/media\/2124"}],"wp:attachment":[{"href":"https:\/\/stvauw.ch\/theater\/wp-json\/wp\/v2\/media?parent=231"}],"curies":[{"name":"wp","href":"https:\/\/api.w.org\/{rel}","templated":true}]}}