{"id":242,"date":"2019-06-06T19:03:55","date_gmt":"2019-06-06T17:03:55","guid":{"rendered":"https:\/\/stvauw.ch\/theater\/?page_id=242"},"modified":"2025-12-09T17:25:39","modified_gmt":"2025-12-09T16:25:39","slug":"2025-2008","status":"publish","type":"page","link":"https:\/\/stvauw.ch\/theater\/2025-2008\/","title":{"rendered":"2025 &#8211; 2008"},"content":{"rendered":"<p>[et_pb_section fb_built=&#187;1&#8243; _builder_version=&#187;4.16&#8243; global_colors_info=&#187;{}&#187;][et_pb_row _builder_version=&#187;4.16&#8243; custom_margin=&#187;-20px||&#187; global_colors_info=&#187;{}&#187;][et_pb_column type=&#187;4_4&#8243; _builder_version=&#187;4.16&#8243; custom_padding=&#187;|||&#187; global_colors_info=&#187;{}&#187; custom_padding__hover=&#187;|||&#187;][et_pb_text _builder_version=&#187;4.16&#8243; global_colors_info=&#187;{}&#187;]<\/p>\n<h1>Theaterauff\u00fchrungen 2025 bis 2008<\/h1>\n<p>Am Mittwoch, 28. Mai 2008 wurde die Theatergruppe Auw aus der Taufe gehoben (Gr\u00fcndungsversammlung).<\/p>\n<div id=\"main\">\n<div id=\"inhalt\">\n<div class=\"einzelseite\">\n<p class=\"normal\"><span style=\"font-size: small;\">Ab diesem Zeitpunkt war klar, dass das THEATER AUW von den turnenden Vereinen (STV, Damen- und M\u00e4nnerriege) und neu der Theatergruppe Auw\u00a0 (TGA) organisiert wird. F\u00fcr den eigenst\u00e4ndigen Auftritt der TGA als auch f\u00fcr das Theater Auw wurde ein neues Logo kreiert.<br \/><\/span><\/p>\n<\/div>\n<\/div>\n<\/div>\n<p>[\/et_pb_text][\/et_pb_column][\/et_pb_row][et_pb_row _builder_version=&#187;4.16&#8243; hover_enabled=&#187;0&#8243; global_colors_info=&#187;{}&#187; sticky_enabled=&#187;0&#8243;][et_pb_column type=&#187;4_4&#8243; _builder_version=&#187;4.16&#8243; custom_padding=&#187;|||&#187; global_colors_info=&#187;{}&#187; custom_padding__hover=&#187;|||&#187;][et_pb_portfolio fullwidth=&#187;off&#187; posts_number=&#187;20&#8243; include_categories=&#187;6&#8243; show_categories=&#187;off&#187; _builder_version=&#187;4.16&#8243; hover_enabled=&#187;0&#8243; global_colors_info=&#187;{}&#187; sticky_enabled=&#187;0&#8243;][\/et_pb_portfolio][\/et_pb_column][\/et_pb_row][\/et_pb_section]<\/p>\n","protected":false},"excerpt":{"rendered":"<p>Theaterauff\u00fchrungen 2025 bis 2008 Am Mittwoch, 28. Mai 2008 wurde die Theatergruppe Auw aus der Taufe gehoben (Gr\u00fcndungsversammlung). Ab diesem Zeitpunkt war klar, dass das THEATER AUW von den turnenden Vereinen (STV, Damen- und M\u00e4nnerriege) und neu der Theatergruppe Auw\u00a0 (TGA) organisiert wird. F\u00fcr den eigenst\u00e4ndigen Auftritt der TGA als auch f\u00fcr das Theater Auw [&hellip;]<\/p>\n","protected":false},"author":6,"featured_media":0,"parent":0,"menu_order":0,"comment_status":"closed","ping_status":"closed","template":"","meta":{"_et_pb_use_builder":"on","_et_pb_old_content":"","_et_gb_content_width":"","footnotes":""},"class_list":["post-242","page","type-page","status-publish","hentry"],"_links":{"self":[{"href":"https:\/\/stvauw.ch\/theater\/wp-json\/wp\/v2\/pages\/242","targetHints":{"allow":["GET"]}}],"collection":[{"href":"https:\/\/stvauw.ch\/theater\/wp-json\/wp\/v2\/pages"}],"about":[{"href":"https:\/\/stvauw.ch\/theater\/wp-json\/wp\/v2\/types\/page"}],"author":[{"embeddable":true,"href":"https:\/\/stvauw.ch\/theater\/wp-json\/wp\/v2\/users\/6"}],"replies":[{"embeddable":true,"href":"https:\/\/stvauw.ch\/theater\/wp-json\/wp\/v2\/comments?post=242"}],"version-history":[{"count":20,"href":"https:\/\/stvauw.ch\/theater\/wp-json\/wp\/v2\/pages\/242\/revisions"}],"predecessor-version":[{"id":2692,"href":"https:\/\/stvauw.ch\/theater\/wp-json\/wp\/v2\/pages\/242\/revisions\/2692"}],"wp:attachment":[{"href":"https:\/\/stvauw.ch\/theater\/wp-json\/wp\/v2\/media?parent=242"}],"curies":[{"name":"wp","href":"https:\/\/api.w.org\/{rel}","templated":true}]}}