{"id":54,"date":"2019-05-14T18:25:22","date_gmt":"2019-05-14T16:25:22","guid":{"rendered":"https:\/\/wp.stvauw.ch\/theater\/?page_id=54"},"modified":"2025-10-15T16:47:09","modified_gmt":"2025-10-15T14:47:09","slug":"die-schauspieler","status":"publish","type":"page","link":"https:\/\/stvauw.ch\/theater\/die-schauspieler\/","title":{"rendered":"Die Schauspieler"},"content":{"rendered":"<p>[et_pb_section fb_built=&#187;1&#8243; _builder_version=&#187;4.16&#8243; global_colors_info=&#187;{}&#187;][et_pb_row column_structure=&#187;1_3,2_3&#8243; _builder_version=&#187;4.16&#8243; global_colors_info=&#187;{}&#187;][et_pb_column type=&#187;1_3&#8243; _builder_version=&#187;4.16&#8243; custom_padding=&#187;|||&#187; global_colors_info=&#187;{}&#187; custom_padding__hover=&#187;|||&#187;][et_pb_text _builder_version=&#187;4.16&#8243; global_colors_info=&#187;{}&#187;]<\/p>\n<h2>Karriere<\/h2>\n<p><text class=\"_textbox_1titd_17\" direction=\"ltr\" height=\"6.73199462890625\" lengthadjust=\"spacingAndGlyphs\" textlength=\"18.4440002441406\" x=\"368.134002685547\" y=\"-451.510009765625\" data-test=\"textbox\"><\/text><\/p>\n<p>Die drei Freunde Gusti, Max und Heiri wohnen in einem alten Lager\u00adschuppen der Bademodenfirma Klotzinger. Der bescheidene Mietzins und die gutm\u00fctige Unterst\u00fctzung von Roswitha erm\u00f6glichen ihnen ein relativ sorgloses Leben. Zwar fehlt jeglicher Luxus, umso mehr geniessen sie es,planlos und ohne Leistungsdruck in den Tag hineinzuleben.<\/p>\n<p>Dieses Faulenzerdasein wird bedroht, als die Firma Klotzinger beschliesst, den Lagerschuppen f\u00fcr einen Neubau zu opfern. Das Bademodegesch\u00e4ft l\u00e4uft sehr gut und die Produktionskapazit\u00e4ten m\u00fcssen dringend erh\u00f6ht werden. Um den Neubau so rasch wie m\u00f6glich zu realisieren, m\u00f6chte Herr Klotzinger die drei Tagediebe am liebsten von einem Tag auf den anderen auf die Strasse setzen. Doch Gusti kennt sich im Mietrecht aus und so erh\u00e4lt das Trio unerwartet eine stattliche Abfindung f\u00fcr ihren sofortigen Auszug.<\/p>\n<p>Ein Zeitungsartikel \u00fcber einen Selfmademan in Amerika gibt ihnen den Anstoss, dar\u00fcber nachzudenken, wie sie den \u00fcberraschenden Geldsegen sinnvoll und gewinnbringend einsetzen k\u00f6nnten. In unseren Auff\u00fchrungen erfahren sie, wie Geld und Liebe das Leben der drei Clochards ver\u00e4ndern.<\/p>\n<p>Unter der langj\u00e4hrigen und sehr erfahrenen Regie von HANNA GEHRIG sowie der Regie-assistentin Brigitte Favre, haben die Theaterproben begonnen.<\/p>\n<p>[\/et_pb_text][\/et_pb_column][et_pb_column type=&#187;2_3&#8243; _builder_version=&#187;4.16&#8243; custom_padding=&#187;|||&#187; global_colors_info=&#187;{}&#187; custom_padding__hover=&#187;|||&#187;][et_pb_image src=&#187;https:\/\/stvauw.ch\/theater\/wp-content\/uploads\/sites\/4\/2025\/09\/TheaterAuw_Karriere_2025.jpg&#187; title_text=&#187;TheaterAuw_Karriere_2025&#8243; align_tablet=&#187;center&#187; align_phone=&#187;center&#187; align_last_edited=&#187;on|desktop&#187; _builder_version=&#187;4.27.4&#8243; hover_transition_duration=&#187;400ms&#187; hover_transition_speed_curve=&#187;ease-in&#187; box_shadow_style=&#187;preset2&#8243; global_colors_info=&#187;{}&#187;][\/et_pb_image][\/et_pb_column][\/et_pb_row][et_pb_row column_structure=&#187;1_3,1_3,1_3&#8243; _builder_version=&#187;4.16&#8243; module_alignment=&#187;center&#187; global_colors_info=&#187;{}&#187;][et_pb_column type=&#187;1_3&#8243; _builder_version=&#187;4.16&#8243; custom_padding=&#187;|||&#187; global_colors_info=&#187;{}&#187; custom_padding__hover=&#187;|||&#187;][et_pb_image src=&#187;https:\/\/stvauw.ch\/theater\/wp-content\/uploads\/sites\/4\/2025\/09\/Flyer-TheaterAuw-2025-Karriere-1.jpg&#187; title_text=&#187;Flyer TheaterAuw 2025 Karriere&#187; show_in_lightbox=&#187;on&#187; align_tablet=&#187;center&#187; align_phone=&#187;center&#187; align_last_edited=&#187;on|desktop&#187; _builder_version=&#187;4.27.4&#8243; max_width=&#187;90%&#187; box_shadow_style=&#187;preset2&#8243; global_colors_info=&#187;{}&#187;][\/et_pb_image][\/et_pb_column][et_pb_column type=&#187;1_3&#8243; _builder_version=&#187;4.16&#8243; custom_padding=&#187;|||&#187; global_colors_info=&#187;{}&#187; custom_padding__hover=&#187;|||&#187;][et_pb_team_member name=&#187;Hanna Gehrig&#187; position=&#187;Regisseurin&#187; image_url=&#187;https:\/\/stvauw.ch\/theater\/wp-content\/uploads\/sites\/4\/2022\/08\/Regie-2-scaled.jpg&#187; icon_color=&#187;#ffffff&#187; _builder_version=&#187;4.16&#8243; header_font=&#187;||||||||&#187; body_font=&#187;||||||||&#187; max_width=&#187;60%&#187; module_alignment=&#187;center&#187; custom_margin=&#187;||||false|false&#187; custom_padding=&#187;||||false|false&#187; box_shadow_style_image=&#187;preset2&#8243; global_colors_info=&#187;{}&#187;]<\/p>\n<p>25 Jahre Regie am Theater Auw !<\/p>\n<p>[\/et_pb_team_member][\/et_pb_column][et_pb_column type=&#187;1_3&#8243; _builder_version=&#187;4.16&#8243; custom_padding=&#187;|||&#187; global_colors_info=&#187;{}&#187; custom_padding__hover=&#187;|||&#187;][et_pb_team_member name=&#187;Brigitte Favre&#187; position=&#187;Regieassistentin&#187; image_url=&#187;https:\/\/stvauw.ch\/theater\/wp-content\/uploads\/sites\/4\/2022\/08\/MBU_8799-scaled.jpg&#187; _builder_version=&#187;4.16&#8243; max_width=&#187;60%&#187; module_alignment=&#187;center&#187; global_colors_info=&#187;{}&#187;]<\/p>\n<p>Leitung Spielkommission\u00a0<\/p>\n<p>[\/et_pb_team_member][\/et_pb_column][\/et_pb_row][et_pb_row column_structure=&#187;1_4,1_4,1_4,1_4&#8243; disabled_on=&#187;off|off|off&#187; _builder_version=&#187;4.16&#8243; module_alignment=&#187;center&#187; custom_padding=&#187;27px|0px|27px|0px|false|false&#187; global_colors_info=&#187;{}&#187;][et_pb_column type=&#187;1_4&#8243; _builder_version=&#187;4.16&#8243; custom_padding=&#187;|||&#187; global_colors_info=&#187;{}&#187; custom_padding__hover=&#187;|||&#187;][et_pb_team_member name=&#187;Ivan Huwiler&#187; position=&#187;als: Gusti Bader \/ Tagediebe&#187; image_url=&#187;https:\/\/stvauw.ch\/theater\/wp-content\/uploads\/sites\/4\/2025\/09\/Gusti-Bader-alias-Ivan-Huwiler.jpg&#187; _builder_version=&#187;4.27.4&#8243; max_width=&#187;80%&#187; box_shadow_style_image=&#187;preset2&#8243; global_colors_info=&#187;{}&#187;][\/et_pb_team_member][\/et_pb_column][et_pb_column type=&#187;1_4&#8243; _builder_version=&#187;4.16&#8243; custom_padding=&#187;|||&#187; global_colors_info=&#187;{}&#187; custom_padding__hover=&#187;|||&#187;][et_pb_team_member name=&#187;Pascal von Fl\u00fce&#187; position=&#187;als: Max Br\u00fcgger \/ Tagediebe&#187; image_url=&#187;https:\/\/stvauw.ch\/theater\/wp-content\/uploads\/sites\/4\/2025\/09\/Max-Bruegger-alias-Pascal-von-Fluee.jpg&#187; _builder_version=&#187;4.27.4&#8243; max_width=&#187;80%&#187; box_shadow_style_image=&#187;preset2&#8243; global_colors_info=&#187;{}&#187;][\/et_pb_team_member][\/et_pb_column][et_pb_column type=&#187;1_4&#8243; _builder_version=&#187;4.16&#8243; custom_padding=&#187;|||&#187; global_colors_info=&#187;{}&#187; custom_padding__hover=&#187;|||&#187;][et_pb_team_member name=&#187;Franz Troxler&#187; position=&#187;als: Heiri N\u00e4f \/ Tagediebe&#187; image_url=&#187;https:\/\/stvauw.ch\/theater\/wp-content\/uploads\/sites\/4\/2025\/09\/Heiri-Naef-alias-Franz-Troxler.jpg&#187; _builder_version=&#187;4.27.4&#8243; max_width=&#187;80%&#187; box_shadow_style_image=&#187;preset2&#8243; global_colors_info=&#187;{}&#187;][\/et_pb_team_member][\/et_pb_column][et_pb_column type=&#187;1_4&#8243; _builder_version=&#187;4.16&#8243; custom_padding=&#187;|||&#187; global_colors_info=&#187;{}&#187; custom_padding__hover=&#187;|||&#187;][et_pb_team_member name=&#187;Ludwig Stecher&#187; position=&#187;als: Direktor Klotzinger \/ Direktor Klotzinger&#187; image_url=&#187;https:\/\/stvauw.ch\/theater\/wp-content\/uploads\/sites\/4\/2025\/09\/Direktor-Klotzinger-alias-Ludwig-Stecher.jpg&#187; _builder_version=&#187;4.27.4&#8243; max_width=&#187;80%&#187; box_shadow_style_image=&#187;preset2&#8243; global_colors_info=&#187;{}&#187;][\/et_pb_team_member][\/et_pb_column][\/et_pb_row][et_pb_row column_structure=&#187;1_4,1_4,1_4,1_4&#8243; disabled_on=&#187;off|off|off&#187; _builder_version=&#187;4.16&#8243; module_alignment=&#187;center&#187; global_colors_info=&#187;{}&#187;][et_pb_column type=&#187;1_4&#8243; _builder_version=&#187;4.16&#8243; custom_padding=&#187;|||&#187; global_colors_info=&#187;{}&#187; custom_padding__hover=&#187;|||&#187;][et_pb_team_member name=&#187;Gabi Leu&#187; position=&#187;als: Frl. Duvoisin \/ Direktionsassistentin&#187; image_url=&#187;https:\/\/stvauw.ch\/theater\/wp-content\/uploads\/sites\/4\/2025\/10\/Gabi-Leu_Cut.png&#187; _builder_version=&#187;4.27.4&#8243; max_width=&#187;80%&#187; hover_enabled=&#187;0&#8243; box_shadow_style_image=&#187;preset2&#8243; global_colors_info=&#187;{}&#187; title_text=&#187;Gabi Leu_Cut&#187; sticky_enabled=&#187;0&#8243;][\/et_pb_team_member][\/et_pb_column][et_pb_column type=&#187;1_4&#8243; _builder_version=&#187;4.16&#8243; custom_padding=&#187;|||&#187; global_colors_info=&#187;{}&#187; custom_padding__hover=&#187;|||&#187;][et_pb_team_member name=&#187;No\u00e9e Burkard&#187; position=&#187;als: Eva Klotzinger\/ seine Tochter&#187; image_url=&#187;https:\/\/stvauw.ch\/theater\/wp-content\/uploads\/sites\/4\/2025\/09\/Eva-Klotzinger-alias-Noee-Burkard.jpg&#187; _builder_version=&#187;4.27.4&#8243; max_width=&#187;80%&#187; box_shadow_style_image=&#187;preset2&#8243; global_colors_info=&#187;{}&#187;][\/et_pb_team_member][\/et_pb_column][et_pb_column type=&#187;1_4&#8243; _builder_version=&#187;4.16&#8243; custom_padding=&#187;|||&#187; global_colors_info=&#187;{}&#187; custom_padding__hover=&#187;|||&#187;][et_pb_team_member name=&#187;Claudia Villiger&#187; position=&#187;als: Frl. Rathgeb \/ \u00fcberhebliche Moraltante&#187; image_url=&#187;https:\/\/stvauw.ch\/theater\/wp-content\/uploads\/sites\/4\/2025\/09\/Frl.-Duvoisin-alias-Claudia-Villiger.jpg&#187; _builder_version=&#187;4.27.4&#8243; max_width=&#187;80%&#187; box_shadow_style_image=&#187;preset2&#8243; global_colors_info=&#187;{}&#187;][\/et_pb_team_member][\/et_pb_column][et_pb_column type=&#187;1_4&#8243; _builder_version=&#187;4.16&#8243; custom_padding=&#187;|||&#187; global_colors_info=&#187;{}&#187; custom_padding__hover=&#187;|||&#187;][et_pb_team_member name=&#187;Brigitte Favre&#187; position=&#187;als: Frau Binswanger \/ Gross-H\u00e4ndlerin&#187; image_url=&#187;https:\/\/stvauw.ch\/theater\/wp-content\/uploads\/sites\/4\/2025\/09\/Frau-Binswanger-alias-Brigitte-Favre.jpg&#187; _builder_version=&#187;4.27.4&#8243; max_width=&#187;80%&#187; box_shadow_style_image=&#187;preset2&#8243; global_colors_info=&#187;{}&#187;][\/et_pb_team_member][\/et_pb_column][\/et_pb_row][et_pb_row column_structure=&#187;1_4,1_4,1_4,1_4&#8243; disabled_on=&#187;off|off|off&#187; _builder_version=&#187;4.16&#8243; module_alignment=&#187;center&#187; custom_padding=&#187;27px|0px|27px|0px|false|false&#187; global_colors_info=&#187;{}&#187;][et_pb_column type=&#187;1_4&#8243; _builder_version=&#187;4.16&#8243; custom_padding=&#187;|||&#187; global_colors_info=&#187;{}&#187; custom_padding__hover=&#187;|||&#187;][et_pb_team_member name=&#187;Melanie Z\u00fcrcher&#187; position=&#187;als: Roswita Beinfritz \/ guter Geist des Trios&#187; image_url=&#187;https:\/\/stvauw.ch\/theater\/wp-content\/uploads\/sites\/4\/2025\/09\/Roswita-Beinfritz-alias-Melanie-Zuercher.jpg&#187; _builder_version=&#187;4.27.4&#8243; max_width=&#187;80%&#187; custom_margin=&#187;0px||0px&#187; custom_padding=&#187;||0px&#187; box_shadow_style_image=&#187;preset2&#8243; global_colors_info=&#187;{}&#187;][\/et_pb_team_member][\/et_pb_column][et_pb_column type=&#187;1_4&#8243; _builder_version=&#187;4.16&#8243; custom_padding=&#187;|||&#187; global_colors_info=&#187;{}&#187; custom_padding__hover=&#187;|||&#187;][et_pb_team_member name=&#187;Markus Ineichen&#187; position=&#187;als: Sohlenberger \/ Gross-H\u00e4ndler&#187; image_url=&#187;https:\/\/stvauw.ch\/theater\/wp-content\/uploads\/sites\/4\/2025\/09\/Sohlenberger-alias-Markus-Ineichen.jpg&#187; _builder_version=&#187;4.27.4&#8243; max_width=&#187;80%&#187; box_shadow_style_image=&#187;preset2&#8243; global_colors_info=&#187;{}&#187;][\/et_pb_team_member][\/et_pb_column][et_pb_column type=&#187;1_4&#8243; _builder_version=&#187;4.16&#8243; custom_padding=&#187;|||&#187; global_colors_info=&#187;{}&#187; custom_padding__hover=&#187;|||&#187;][\/et_pb_column][et_pb_column type=&#187;1_4&#8243; _builder_version=&#187;4.16&#8243; custom_padding=&#187;|||&#187; global_colors_info=&#187;{}&#187; custom_padding__hover=&#187;|||&#187;][\/et_pb_column][\/et_pb_row][\/et_pb_section][et_pb_section fb_built=&#187;1&#8243; theme_builder_area=&#187;post_content&#187; _builder_version=&#187;4.27.4&#8243; _module_preset=&#187;default&#187;][\/et_pb_section]<\/p>\n","protected":false},"excerpt":{"rendered":"<p>Karriere Die drei Freunde Gusti, Max und Heiri wohnen in einem alten Lager\u00adschuppen der Bademodenfirma Klotzinger. Der bescheidene Mietzins und die gutm\u00fctige Unterst\u00fctzung von Roswitha erm\u00f6glichen ihnen ein relativ sorgloses Leben. Zwar fehlt jeglicher Luxus, umso mehr geniessen sie es,planlos und ohne Leistungsdruck in den Tag hineinzuleben. Dieses Faulenzerdasein wird bedroht, als die Firma Klotzinger [&hellip;]<\/p>\n","protected":false},"author":6,"featured_media":0,"parent":0,"menu_order":0,"comment_status":"closed","ping_status":"closed","template":"","meta":{"_et_pb_use_builder":"on","_et_pb_old_content":"<!-- wp:divi\/placeholder \/-->","_et_gb_content_width":"","footnotes":""},"class_list":["post-54","page","type-page","status-publish","hentry"],"_links":{"self":[{"href":"https:\/\/stvauw.ch\/theater\/wp-json\/wp\/v2\/pages\/54","targetHints":{"allow":["GET"]}}],"collection":[{"href":"https:\/\/stvauw.ch\/theater\/wp-json\/wp\/v2\/pages"}],"about":[{"href":"https:\/\/stvauw.ch\/theater\/wp-json\/wp\/v2\/types\/page"}],"author":[{"embeddable":true,"href":"https:\/\/stvauw.ch\/theater\/wp-json\/wp\/v2\/users\/6"}],"replies":[{"embeddable":true,"href":"https:\/\/stvauw.ch\/theater\/wp-json\/wp\/v2\/comments?post=54"}],"version-history":[{"count":64,"href":"https:\/\/stvauw.ch\/theater\/wp-json\/wp\/v2\/pages\/54\/revisions"}],"predecessor-version":[{"id":2592,"href":"https:\/\/stvauw.ch\/theater\/wp-json\/wp\/v2\/pages\/54\/revisions\/2592"}],"wp:attachment":[{"href":"https:\/\/stvauw.ch\/theater\/wp-json\/wp\/v2\/media?parent=54"}],"curies":[{"name":"wp","href":"https:\/\/api.w.org\/{rel}","templated":true}]}}