{"id":58,"date":"2019-05-14T18:26:03","date_gmt":"2019-05-14T16:26:03","guid":{"rendered":"https:\/\/wp.stvauw.ch\/theater\/?page_id=58"},"modified":"2025-11-02T12:23:46","modified_gmt":"2025-11-02T11:23:46","slug":"ok","status":"publish","type":"page","link":"https:\/\/stvauw.ch\/theater\/ok\/","title":{"rendered":"OK"},"content":{"rendered":"<p>[et_pb_section fb_built=&#187;1&#8243; _builder_version=&#187;4.16&#8243; global_colors_info=&#187;{}&#187;][et_pb_row column_structure=&#187;1_2,1_2&#8243; _builder_version=&#187;4.16&#8243; global_colors_info=&#187;{}&#187;][et_pb_column type=&#187;1_2&#8243; _builder_version=&#187;4.16&#8243; custom_padding=&#187;|||&#187; global_colors_info=&#187;{}&#187; custom_padding__hover=&#187;|||&#187;][et_pb_image src=&#187;https:\/\/stvauw.ch\/theater\/wp-content\/uploads\/sites\/4\/2022\/08\/9504688_26690-scaled.jpg&#187; title_text=&#187;Abstract Grunge Style Coming Soon Background With Black Splatter&#187; align_tablet=&#187;center&#187; align_phone=&#187;center&#187; align_last_edited=&#187;on|desktop&#187; _builder_version=&#187;4.27.4&#8243; box_shadow_style=&#187;preset2&#8243; global_colors_info=&#187;{}&#187;][\/et_pb_image][\/et_pb_column][et_pb_column type=&#187;1_2&#8243; _builder_version=&#187;4.16&#8243; custom_padding=&#187;|||&#187; global_colors_info=&#187;{}&#187; custom_padding__hover=&#187;|||&#187;][et_pb_text _builder_version=&#187;4.27.4&#8243; global_colors_info=&#187;{}&#187;]<\/p>\n<h1>Theater OK-Team 2025<br \/><span style=\"font-size: x-large;\"><em>\u00abKarriere\u00bb<\/em><\/span><\/h1>\n<p>Das Team setzt sich aus Mitgliedern vom Turnverein, Damen- und M\u00e4nnerriege sowie aus der Theatergruppe Auw zusammen.<\/p>\n<p>Michael Scheidegger, Cornelia Stecher, Maya Troxler, C\u00e9line B\u00fctler, Ludwig Stecher, Hanna Gehrig, \u00a0Yolanda Fischer, Roland Suter + Vorstand Damenriege<\/p>\n<p>&nbsp;<\/p>\n<p>&nbsp;<\/p>\n<p>[\/et_pb_text][\/et_pb_column][\/et_pb_row][\/et_pb_section]<\/p>\n","protected":false},"excerpt":{"rendered":"<p>Theater OK-Team 2025\u00abKarriere\u00bb Das Team setzt sich aus Mitgliedern vom Turnverein, Damen- und M\u00e4nnerriege sowie aus der Theatergruppe Auw zusammen. Michael Scheidegger, Cornelia Stecher, Maya Troxler, C\u00e9line B\u00fctler, Ludwig Stecher, Hanna Gehrig, \u00a0Yolanda Fischer, Roland Suter + Vorstand Damenriege &nbsp; &nbsp;<\/p>\n","protected":false},"author":6,"featured_media":0,"parent":0,"menu_order":0,"comment_status":"closed","ping_status":"closed","template":"","meta":{"_et_pb_use_builder":"on","_et_pb_old_content":"<!-- wp:divi\/placeholder \/-->","_et_gb_content_width":"","footnotes":""},"class_list":["post-58","page","type-page","status-publish","hentry"],"_links":{"self":[{"href":"https:\/\/stvauw.ch\/theater\/wp-json\/wp\/v2\/pages\/58","targetHints":{"allow":["GET"]}}],"collection":[{"href":"https:\/\/stvauw.ch\/theater\/wp-json\/wp\/v2\/pages"}],"about":[{"href":"https:\/\/stvauw.ch\/theater\/wp-json\/wp\/v2\/types\/page"}],"author":[{"embeddable":true,"href":"https:\/\/stvauw.ch\/theater\/wp-json\/wp\/v2\/users\/6"}],"replies":[{"embeddable":true,"href":"https:\/\/stvauw.ch\/theater\/wp-json\/wp\/v2\/comments?post=58"}],"version-history":[{"count":20,"href":"https:\/\/stvauw.ch\/theater\/wp-json\/wp\/v2\/pages\/58\/revisions"}],"predecessor-version":[{"id":2669,"href":"https:\/\/stvauw.ch\/theater\/wp-json\/wp\/v2\/pages\/58\/revisions\/2669"}],"wp:attachment":[{"href":"https:\/\/stvauw.ch\/theater\/wp-json\/wp\/v2\/media?parent=58"}],"curies":[{"name":"wp","href":"https:\/\/api.w.org\/{rel}","templated":true}]}}