{"id":64,"date":"2019-05-14T18:26:30","date_gmt":"2019-05-14T16:26:30","guid":{"rendered":"https:\/\/wp.stvauw.ch\/theater\/?page_id=64"},"modified":"2019-11-04T19:32:30","modified_gmt":"2019-11-04T18:32:30","slug":"sponsoren","status":"publish","type":"page","link":"https:\/\/stvauw.ch\/theater\/sponsoren\/","title":{"rendered":"Sponsoren 2018"},"content":{"rendered":"\n\n\n[et_pb_section fb_built=&#187;1&#8243; _builder_version=&#187;3.19.18&#8243;][et_pb_row _builder_version=&#187;3.19.18&#8243;][et_pb_column type=&#187;4_4&#8243; _builder_version=&#187;3.19.18&#8243;][et_pb_text _builder_version=&#187;3.19.18&#8243;]<h1>Sponsoren 2018<\/h1>\n<p>Nachfolgend all unsere treuen Sponsoren vom 2018. Euch allen einen ganz herzlichen Dank f\u00fcr die grossartige Unterst\u00fctzung. Dank Euch ist es uns m\u00f6glich eine derartige Auff\u00fchrung auf die Beine zu stellen und die Kultur aufrecht zu halten. DANKE !<\/p>[\/et_pb_text][\/et_pb_column][\/et_pb_row][et_pb_row _builder_version=&#187;3.19.18&#8243;][et_pb_column type=&#187;1_4&#8243; _builder_version=&#187;3.19.18&#8243;][et_pb_team_member name=&#187;Aargauische Kantonalbank&#187; position=&#187;Sins&#187; image_url=&#187;https:\/\/stvauw.ch\/theater\/wp-content\/uploads\/sites\/4\/2019\/05\/AKB_Sins.jpg&#187; _builder_version=&#187;3.19.18&#8243; box_shadow_style_image=&#187;preset1&#8243;][\/et_pb_team_member][\/et_pb_column][et_pb_column type=&#187;1_4&#8243; _builder_version=&#187;3.19.18&#8243;][et_pb_team_member name=&#187;Airex AG&#187; position=&#187;Sins&#187; image_url=&#187;https:\/\/stvauw.ch\/theater\/wp-content\/uploads\/sites\/4\/2019\/05\/Airex_Sins.jpg&#187; _builder_version=&#187;3.19.18&#8243; box_shadow_style_image=&#187;preset1&#8243;][\/et_pb_team_member][\/et_pb_column][et_pb_column type=&#187;1_4&#8243; _builder_version=&#187;3.19.18&#8243;][et_pb_team_member name=&#187;Arnold Dach GmbH&#187; position=&#187;Auw &amp; Zug&#187; image_url=&#187;https:\/\/stvauw.ch\/theater\/wp-content\/uploads\/sites\/4\/2019\/05\/ArnoldDach_Auw.jpg&#187; _builder_version=&#187;3.19.18&#8243; box_shadow_style_image=&#187;preset1&#8243;][\/et_pb_team_member][\/et_pb_column][et_pb_column type=&#187;1_4&#8243; _builder_version=&#187;3.19.18&#8243;][et_pb_team_member name=&#187;Bar-Mobil&#187; position=&#187;Steinhausen&#187; image_url=&#187;https:\/\/stvauw.ch\/theater\/wp-content\/uploads\/sites\/4\/2019\/05\/BarMobil_Steinhausen.jpg&#187; _builder_version=&#187;3.19.18&#8243; box_shadow_style_image=&#187;preset1&#8243;][\/et_pb_team_member][\/et_pb_column][\/et_pb_row][et_pb_row _builder_version=&#187;3.19.18&#8243;][et_pb_column type=&#187;1_4&#8243; _builder_version=&#187;3.19.18&#8243;][et_pb_team_member name=&#187;Bitex Bimoid AG&#187; position=&#187;Ballwil&#187; image_url=&#187;https:\/\/stvauw.ch\/theater\/wp-content\/uploads\/sites\/4\/2019\/05\/BitexBimoid.jpg&#187; _builder_version=&#187;3.19.18&#8243; box_shadow_style_image=&#187;preset1&#8243;][\/et_pb_team_member][\/et_pb_column][et_pb_column type=&#187;1_4&#8243; _builder_version=&#187;3.19.18&#8243;][et_pb_team_member name=&#187;Blumen + Pflanzencenter Waldisp\u00fchl&#187; position=&#187;Sins&#187; image_url=&#187;https:\/\/stvauw.ch\/theater\/wp-content\/uploads\/sites\/4\/2019\/05\/Blumen_Waldisp\u00fchl.jpg&#187; _builder_version=&#187;3.19.18&#8243; box_shadow_style_image=&#187;preset1&#8243;][\/et_pb_team_member][\/et_pb_column][et_pb_column type=&#187;1_4&#8243; _builder_version=&#187;3.19.18&#8243;][et_pb_team_member name=&#187;Bossart Radio-TV-Funk&#187; position=&#187;M\u00fchlau&#187; image_url=&#187;https:\/\/stvauw.ch\/theater\/wp-content\/uploads\/sites\/4\/2019\/05\/Bossard_Radio.jpg&#187; _builder_version=&#187;3.19.18&#8243; box_shadow_style_image=&#187;preset1&#8243;][\/et_pb_team_member][\/et_pb_column][et_pb_column type=&#187;1_4&#8243; _builder_version=&#187;3.19.18&#8243;][et_pb_team_member name=&#187;B\u00fctler Elektro Telecom AG&#187; position=&#187;Muri &#8211; Sins &#8211; Dintikon&#187; image_url=&#187;https:\/\/stvauw.ch\/theater\/wp-content\/uploads\/sites\/4\/2019\/05\/B\u00fctler_Elektro.jpg&#187; _builder_version=&#187;3.19.18&#8243; box_shadow_style_image=&#187;preset1&#8243;][\/et_pb_team_member][\/et_pb_column][\/et_pb_row][et_pb_row _builder_version=&#187;3.19.18&#8243;][et_pb_column type=&#187;1_4&#8243; _builder_version=&#187;3.19.18&#8243;][et_pb_team_member name=&#187;Engel Tore&#187; position=&#187;Abtwil&#187; image_url=&#187;https:\/\/stvauw.ch\/theater\/wp-content\/uploads\/sites\/4\/2019\/05\/Engel_Tore.jpg&#187; _builder_version=&#187;3.19.18&#8243; box_shadow_style_image=&#187;preset1&#8243;][\/et_pb_team_member][\/et_pb_column][et_pb_column type=&#187;1_4&#8243; _builder_version=&#187;3.19.18&#8243;][et_pb_team_member name=&#187;Franz Suter GmbH&#187; position=&#187;Sins&#187; image_url=&#187;https:\/\/stvauw.ch\/theater\/wp-content\/uploads\/sites\/4\/2019\/05\/Franz_Suter.jpg&#187; _builder_version=&#187;3.19.18&#8243; box_shadow_style_image=&#187;preset1&#8243;][\/et_pb_team_member][\/et_pb_column][et_pb_column type=&#187;1_4&#8243; _builder_version=&#187;3.19.18&#8243;][et_pb_team_member name=&#187;Garage Gretener AG&#187; position=&#187;R\u00fcstenschwil &#8211; Auw&#187; image_url=&#187;https:\/\/stvauw.ch\/theater\/wp-content\/uploads\/sites\/4\/2019\/05\/Garage_Gretener.jpg&#187; _builder_version=&#187;3.19.18&#8243; box_shadow_style_image=&#187;preset1&#8243;][\/et_pb_team_member][\/et_pb_column][et_pb_column type=&#187;1_4&#8243; _builder_version=&#187;3.19.18&#8243;][et_pb_team_member name=&#187;Garage M. Burger&#187; position=&#187;Muri&#187; image_url=&#187;https:\/\/stvauw.ch\/theater\/wp-content\/uploads\/sites\/4\/2019\/05\/Garage_MBurger.jpg&#187; _builder_version=&#187;3.19.18&#8243; box_shadow_style_image=&#187;preset1&#8243;][\/et_pb_team_member][\/et_pb_column][\/et_pb_row][et_pb_row _builder_version=&#187;3.19.18&#8243;][et_pb_column type=&#187;1_4&#8243; _builder_version=&#187;3.19.18&#8243;][et_pb_team_member name=&#187;Garage Kandy Weber&#187; position=&#187;Merenschwand&#187; image_url=&#187;https:\/\/stvauw.ch\/theater\/wp-content\/uploads\/sites\/4\/2019\/05\/Garage_Kandy.jpg&#187; _builder_version=&#187;3.19.18&#8243; box_shadow_style_image=&#187;preset1&#8243;][\/et_pb_team_member][\/et_pb_column][et_pb_column type=&#187;1_4&#8243; _builder_version=&#187;3.19.18&#8243;][et_pb_team_member name=&#187;Garage Schurtenberger&#187; position=&#187;Abtwil&#187; image_url=&#187;https:\/\/stvauw.ch\/theater\/wp-content\/uploads\/sites\/4\/2019\/05\/Garage_Schurtenberger.jpg&#187; _builder_version=&#187;3.19.18&#8243; box_shadow_style_image=&#187;preset1&#8243;][\/et_pb_team_member][\/et_pb_column][et_pb_column type=&#187;1_4&#8243; _builder_version=&#187;3.19.18&#8243;][et_pb_team_member name=&#187;Glas Inspiration&#187; position=&#187;Auw&#187; image_url=&#187;https:\/\/stvauw.ch\/theater\/wp-content\/uploads\/sites\/4\/2019\/05\/Glas_Inspiration.jpg&#187; _builder_version=&#187;3.19.18&#8243; box_shadow_style_image=&#187;preset1&#8243;][\/et_pb_team_member][\/et_pb_column][et_pb_column type=&#187;1_4&#8243; _builder_version=&#187;3.19.18&#8243;][et_pb_team_member name=&#187;Grolimund AG&#187; position=&#187;Muri&#187; image_url=&#187;https:\/\/stvauw.ch\/theater\/wp-content\/uploads\/sites\/4\/2019\/05\/Grolimund_Muri.jpg&#187; _builder_version=&#187;3.19.18&#8243; box_shadow_style_image=&#187;preset1&#8243;][\/et_pb_team_member][\/et_pb_column][\/et_pb_row][et_pb_row _builder_version=&#187;3.19.18&#8243;][et_pb_column type=&#187;1_4&#8243; _builder_version=&#187;3.19.18&#8243;][et_pb_team_member name=&#187;Hartmann Logistik&#187; position=&#187;Meienberg &#8211; Sins&#187; image_url=&#187;https:\/\/stvauw.ch\/theater\/wp-content\/uploads\/sites\/4\/2019\/05\/Hartmann_Logistik.jpg&#187; _builder_version=&#187;3.19.18&#8243; box_shadow_style_image=&#187;preset1&#8243;][\/et_pb_team_member][\/et_pb_column][et_pb_column type=&#187;1_4&#8243; _builder_version=&#187;3.19.18&#8243;][et_pb_team_member name=&#187;Hobler Metallbau AG&#187; position=&#187;Muri&#187; image_url=&#187;https:\/\/stvauw.ch\/theater\/wp-content\/uploads\/sites\/4\/2019\/05\/Hobler_Metallbau.jpg&#187; _builder_version=&#187;3.19.18&#8243; box_shadow_style_image=&#187;preset1&#8243;][\/et_pb_team_member][\/et_pb_column][et_pb_column type=&#187;1_4&#8243; _builder_version=&#187;3.19.18&#8243;][et_pb_team_member name=&#187;Huber Autoverwertung AG&#187; position=&#187;Sins-Meienberg&#187; image_url=&#187;https:\/\/stvauw.ch\/theater\/wp-content\/uploads\/sites\/4\/2019\/05\/Huber_Autoverwertung.jpg&#187; _builder_version=&#187;3.19.18&#8243; box_shadow_style_image=&#187;preset1&#8243;][\/et_pb_team_member][\/et_pb_column][et_pb_column type=&#187;1_4&#8243; _builder_version=&#187;3.19.18&#8243;][et_pb_team_member name=&#187;Huwyler Metzgerei &amp; Partyservice&#187; position=&#187;Auw + Beinwil&#187; image_url=&#187;https:\/\/stvauw.ch\/theater\/wp-content\/uploads\/sites\/4\/2019\/05\/Huwyler_Metzgerei.jpg&#187; _builder_version=&#187;3.19.18&#8243; box_shadow_style_image=&#187;preset1&#8243;][\/et_pb_team_member][\/et_pb_column][\/et_pb_row][et_pb_row _builder_version=&#187;3.19.18&#8243;][et_pb_column type=&#187;1_4&#8243; _builder_version=&#187;3.19.18&#8243;][et_pb_team_member box_shadow_style_image=&#187;preset1&#8243; name=&#187;K\u00c4FA Peter K\u00e4ppeli&#187; image_url=&#187;https:\/\/stvauw.ch\/theater\/wp-content\/uploads\/sites\/4\/2019\/05\/K\u00e4fa.jpg&#187; position=&#187;Auw&#187; _builder_version=&#187;3.19.18&#8243;][\/et_pb_team_member][\/et_pb_column][et_pb_column type=&#187;1_4&#8243; _builder_version=&#187;3.19.18&#8243;][et_pb_team_member box_shadow_style_image=&#187;preset1&#8243; name=&#187;K\u00e4ppeli AG&#187; image_url=&#187;https:\/\/stvauw.ch\/theater\/wp-content\/uploads\/sites\/4\/2019\/05\/K\u00e4ppeli_Merenschwand.jpg&#187; position=&#187;Merenschwand&#187; _builder_version=&#187;3.19.18&#8243;][\/et_pb_team_member][\/et_pb_column][et_pb_column type=&#187;1_4&#8243; _builder_version=&#187;3.19.18&#8243;][et_pb_team_member box_shadow_style_image=&#187;preset1&#8243; name=&#187;K\u00fcng Maschinenbetrieb&#187; image_url=&#187;https:\/\/stvauw.ch\/theater\/wp-content\/uploads\/sites\/4\/2019\/05\/K\u00fcng_Maschinenbetrieb.jpg&#187; position=&#187;Auw&#187; _builder_version=&#187;3.19.18&#8243;][\/et_pb_team_member][\/et_pb_column][et_pb_column type=&#187;1_4&#8243; _builder_version=&#187;3.19.18&#8243;][et_pb_team_member box_shadow_style_image=&#187;preset1&#8243; name=&#187;Stanserhornbahn&#187; image_url=&#187;https:\/\/stvauw.ch\/theater\/wp-content\/uploads\/sites\/4\/2019\/05\/Stanserhornbahn.jpg&#187; position=&#187;Stans&#187; _builder_version=&#187;3.19.18&#8243;][\/et_pb_team_member][\/et_pb_column][\/et_pb_row][et_pb_row _builder_version=&#187;3.19.18&#8243;][et_pb_column type=&#187;1_4&#8243; _builder_version=&#187;3.19.18&#8243;][et_pb_team_member box_shadow_style_image=&#187;preset1&#8243; name=&#187;Optik Nacken GmbH&#187; image_url=&#187;https:\/\/stvauw.ch\/theater\/wp-content\/uploads\/sites\/4\/2019\/05\/Optik_Nacken.jpg&#187; position=&#187;Muri&#187; _builder_version=&#187;3.19.18&#8243;][\/et_pb_team_member][\/et_pb_column][et_pb_column type=&#187;1_4&#8243; _builder_version=&#187;3.19.18&#8243;][et_pb_team_member box_shadow_style_image=&#187;preset1&#8243; name=&#187;Pferdezentrum Auw AG&#187; image_url=&#187;https:\/\/stvauw.ch\/theater\/wp-content\/uploads\/sites\/4\/2019\/05\/Pferdezentrum_Auw.jpg&#187; position=&#187;Auw&#187; _builder_version=&#187;3.19.18&#8243;][\/et_pb_team_member][\/et_pb_column][et_pb_column type=&#187;1_4&#8243; _builder_version=&#187;3.19.18&#8243;][et_pb_team_member box_shadow_style_image=&#187;preset1&#8243; name=&#187;Raiffeisenbank am Lindenberg&#187; image_url=&#187;https:\/\/stvauw.ch\/theater\/wp-content\/uploads\/sites\/4\/2019\/05\/Raiffeisenbank.jpg&#187; position=&#187;Auw&#187; _builder_version=&#187;3.19.18&#8243;][\/et_pb_team_member][\/et_pb_column][et_pb_column type=&#187;1_4&#8243; _builder_version=&#187;3.19.18&#8243;][et_pb_team_member box_shadow_style_image=&#187;preset1&#8243; name=&#187;Sidler Josef&#187; image_url=&#187;https:\/\/stvauw.ch\/theater\/wp-content\/uploads\/sites\/4\/2019\/05\/Sidler_Josef.jpg&#187; position=&#187;Fenkrieden \/ Sins&#187; _builder_version=&#187;3.19.18&#8243;][\/et_pb_team_member][\/et_pb_column][\/et_pb_row][et_pb_row _builder_version=&#187;3.19.18&#8243;][et_pb_column type=&#187;1_4&#8243; _builder_version=&#187;3.19.18&#8243;][et_pb_team_member box_shadow_style_image=&#187;preset1&#8243; name=&#187;Staubli Getr\u00e4nke&#187; image_url=&#187;https:\/\/stvauw.ch\/theater\/wp-content\/uploads\/sites\/4\/2019\/05\/Staubli_Getr\u00e4nke.jpg&#187; position=&#187;Muri \/ Sins&#187; _builder_version=&#187;3.19.18&#8243;][\/et_pb_team_member][\/et_pb_column][et_pb_column type=&#187;1_4&#8243; _builder_version=&#187;3.19.18&#8243;][et_pb_team_member box_shadow_style_image=&#187;preset1&#8243; name=&#187;Stoff &amp; Wulleh\u00fcsli, Heidi Keller&#187; image_url=&#187;https:\/\/stvauw.ch\/theater\/wp-content\/uploads\/sites\/4\/2019\/05\/Stoff_Wulleh\u00fcsli.jpg&#187; position=&#187;Muri&#187; _builder_version=&#187;3.19.18&#8243;][\/et_pb_team_member][\/et_pb_column][et_pb_column type=&#187;1_4&#8243; _builder_version=&#187;3.19.18&#8243;][et_pb_team_member box_shadow_style_image=&#187;preset1&#8243; name=&#187;Texiphera, N\u00e4hatelier&#187; image_url=&#187;https:\/\/stvauw.ch\/theater\/wp-content\/uploads\/sites\/4\/2019\/05\/Texiphera.jpg&#187; position=&#187;Merenschwand&#187; _builder_version=&#187;3.19.18&#8243;][\/et_pb_team_member][\/et_pb_column][et_pb_column type=&#187;1_4&#8243; _builder_version=&#187;3.19.18&#8243;][et_pb_team_member box_shadow_style_image=&#187;preset1&#8243; name=&#187;Troxler Schreinerei + Innenausbau GmbH&#187; image_url=&#187;https:\/\/stvauw.ch\/theater\/wp-content\/uploads\/sites\/4\/2019\/05\/Troxler_Schreinerei.jpg&#187; position=&#187;Auw&#187; _builder_version=&#187;3.19.18&#8243;][\/et_pb_team_member][\/et_pb_column][\/et_pb_row][et_pb_row _builder_version=&#187;3.19.18&#8243;][et_pb_column type=&#187;1_4&#8243; _builder_version=&#187;3.19.18&#8243;][et_pb_team_member box_shadow_style_image=&#187;preset1&#8243; name=&#187;Villiger Druck AG und Verlag&#187; image_url=&#187;https:\/\/stvauw.ch\/theater\/wp-content\/uploads\/sites\/4\/2019\/05\/Villiger_Druck.jpg&#187; position=&#187;Sins&#187; _builder_version=&#187;3.19.18&#8243;][\/et_pb_team_member][\/et_pb_column][et_pb_column type=&#187;1_4&#8243; _builder_version=&#187;3.19.18&#8243;][et_pb_team_member box_shadow_style_image=&#187;preset1&#8243; name=&#187;Willi Siegrist AG Bauunternehmung&#187; image_url=&#187;https:\/\/stvauw.ch\/theater\/wp-content\/uploads\/sites\/4\/2019\/05\/Willi_Siegrist.jpg&#187; position=&#187;M\u00fchlau&#187; _builder_version=&#187;3.19.18&#8243;][\/et_pb_team_member][\/et_pb_column][et_pb_column type=&#187;1_4&#8243; _builder_version=&#187;3.19.18&#8243;][\/et_pb_column][et_pb_column type=&#187;1_4&#8243; _builder_version=&#187;3.19.18&#8243;][\/et_pb_column][\/et_pb_row][\/et_pb_section]\n\n\n","protected":false},"excerpt":{"rendered":"<p>Sponsoren 2018 Nachfolgend all unsere treuen Sponsoren vom 2018. Euch allen einen ganz herzlichen Dank f\u00fcr die grossartige Unterst\u00fctzung. Dank Euch ist es uns m\u00f6glich eine derartige Auff\u00fchrung auf die Beine zu stellen und die Kultur aufrecht zu halten. DANKE !<\/p>\n","protected":false},"author":6,"featured_media":0,"parent":0,"menu_order":0,"comment_status":"closed","ping_status":"closed","template":"","meta":{"_et_pb_use_builder":"on","_et_pb_old_content":"<!-- wp:divi\/placeholder \/-->","_et_gb_content_width":"","footnotes":""},"class_list":["post-64","page","type-page","status-publish","hentry"],"_links":{"self":[{"href":"https:\/\/stvauw.ch\/theater\/wp-json\/wp\/v2\/pages\/64","targetHints":{"allow":["GET"]}}],"collection":[{"href":"https:\/\/stvauw.ch\/theater\/wp-json\/wp\/v2\/pages"}],"about":[{"href":"https:\/\/stvauw.ch\/theater\/wp-json\/wp\/v2\/types\/page"}],"author":[{"embeddable":true,"href":"https:\/\/stvauw.ch\/theater\/wp-json\/wp\/v2\/users\/6"}],"replies":[{"embeddable":true,"href":"https:\/\/stvauw.ch\/theater\/wp-json\/wp\/v2\/comments?post=64"}],"version-history":[{"count":8,"href":"https:\/\/stvauw.ch\/theater\/wp-json\/wp\/v2\/pages\/64\/revisions"}],"predecessor-version":[{"id":1138,"href":"https:\/\/stvauw.ch\/theater\/wp-json\/wp\/v2\/pages\/64\/revisions\/1138"}],"wp:attachment":[{"href":"https:\/\/stvauw.ch\/theater\/wp-json\/wp\/v2\/media?parent=64"}],"curies":[{"name":"wp","href":"https:\/\/api.w.org\/{rel}","templated":true}]}}