{"id":55,"date":"2019-06-07T11:29:25","date_gmt":"2019-06-07T11:29:25","guid":{"rendered":"https:\/\/stvauw.ch\/theatergruppe\/?page_id=55"},"modified":"2019-06-07T12:01:32","modified_gmt":"2019-06-07T12:01:32","slug":"gruendung","status":"publish","type":"page","link":"https:\/\/stvauw.ch\/theatergruppe\/gruendung\/","title":{"rendered":"Gr\u00fcndung"},"content":{"rendered":"<p>[et_pb_section fb_built=&#187;1&#8243; _builder_version=&#187;3.19.18&#8243;][et_pb_row _builder_version=&#187;3.19.18&#8243; custom_margin=&#187;-25px||-55px&#187;][et_pb_column type=&#187;1_2&#8243; _builder_version=&#187;3.19.18&#8243;][et_pb_text _builder_version=&#187;3.19.18&#8243;]<\/p>\n<div id=\"main\">\n<div id=\"inhalt\">\n<div class=\"einzelseite\">\n<div class=\"einzelseite\">\n<p class=\"titel_gross\"><span style=\"font-family: Verdana, Arial, Helvetica, sans-serif;font-size: large\">GR\u00dcNDUNGSVERSAMMLUNG<\/span><\/p>\n<p><span style=\"font-family: Verdana, Arial, Helvetica, sans-serif\"><span style=\"font-size: small\"><em>hg<\/em> Am Mittwoch, 28. Mai 2008 wurde die Theatergruppe Auw aus der Taufe gehoben.<\/span><\/span><\/p>\n<p><span style=\"font-family: Verdana, Arial, Helvetica, sans-serif;font-size: small\">Philipp Rebsamen, Pr\u00e4sident des Turnverein <span data-scaytid=\"1\">STV<\/span> Auw, konnte 36 Anwesende zu diesem historischen Abend begr\u00fcssen. <\/span><\/p>\n<p><span style=\"font-family: Verdana, Arial, Helvetica, sans-serif;font-size: small\">Mit der japanischen Weisheit <em>\u201eSelbst ein Weg von tausend Meilen beginnt mit einem Schritt&#187;<\/em> er\u00f6ffnete er die Versammlung. Gedanken zur Gr\u00fcndung einer Theatergruppe wurden bereits vor 3 Jahren diskutiert, jedoch ohne konkretes Ergebnis. Vor gut einem Jahr wurde dieser Gedanke wieder aufgenommen und von den Theater-spielerinnen und \u2013spielern <span data-scaytid=\"2\">begr\u00fcsst<\/span>. Die n\u00e4chsten Schritte, d.h. die Eckpfeiler f\u00fcr den neuen Verein, wurden durch ein Gr\u00fcndungskomitee vorbereitet. Es galt, Statuten zu erstellen, Kandidaten f\u00fcr den Vorstand zu suchen, die Gr\u00fcndungsversammlung zu organisieren, die \u00d6ffentlichkeit zu informieren und einzuladen. Anhand einer Folie zeigte Philipp Rebsamen noch einmal klar auf, dass die Organisation der Theaterauff\u00fchrungen auch in Zukunft nicht alleine auf dem neuen Verein lasten wird, sondern breiter, d.h. neu auf die vier Vereine Turnverein, Damenriege, M\u00e4nnerriege und Theatergruppe abgest\u00fctzt und somit noch stabiler sein wird. <\/span><\/p>\n<\/div>\n<\/div>\n<\/div>\n<\/div>\n<p>[\/et_pb_text][\/et_pb_column][et_pb_column type=&#187;1_2&#8243; _builder_version=&#187;3.19.18&#8243;][et_pb_image box_shadow_style=&#187;preset1&#8243; src=&#187;https:\/\/stvauw.ch\/theatergruppe\/wp-content\/uploads\/sites\/6\/2019\/06\/Gr\u00fcndunggruppe2008.jpg&#187; _builder_version=&#187;3.19.18&#8243;][\/et_pb_image][et_pb_image box_shadow_style=&#187;preset1&#8243; src=&#187;https:\/\/stvauw.ch\/theatergruppe\/wp-content\/uploads\/sites\/6\/2019\/06\/Text-Gr\u00fcndung.jpg&#187; _builder_version=&#187;3.19.18&#8243;][\/et_pb_image][\/et_pb_column][\/et_pb_row][et_pb_row _builder_version=&#187;3.19.18&#8243;][et_pb_column type=&#187;4_4&#8243; _builder_version=&#187;3.19.18&#8243;][et_pb_text _builder_version=&#187;3.19.18&#8243;]<\/p>\n<div id=\"main\">\n<div id=\"inhalt\">\n<div class=\"einzelseite\">\n<div class=\"einzelseite\">\n<p><span style=\"font-family: Verdana, Arial, Helvetica, sans-serif;font-size: small\">Nach diesen einf\u00fchrenden Informationen wurden Conny Stecher und Raphael Arnold als Stimmenz\u00e4hler und Philipp Rebsamen als Tagespr\u00e4sident diskussionslos gew\u00e4hlt. Die Statuten konnten seit drei Wochen im Internet eingesehen werden. Sie wurden zusammen mit der Stimmkarte jedem Anwesenden bereits beim Eingang \u00fcberreicht. Noch einmal hatten alle die Gelegenheit, sie gr\u00fcndlich durchzulesen. Nachdem auch die Fragen betreffend Aktiv-\/Passivmitgliedschaft und Mitgliederbeitrag beantwortet waren und niemand die Diskussion w\u00fcnschte, kam die Versammlung zum entscheidenden Schritt. Der Tagespr\u00e4sident <span data-scaytid=\"4\">liess<\/span> \u00fcber die Statuten abstimmen. Durch Abgabe der Stimmkarte stimmten 28 Personen den Statuten zu und erkl\u00e4rten damit gleichzeitig ihren Beitritt zum neuen Verein. Der neue Verein unter dem Namen Theatergruppe Auw war gegr\u00fcndet. F\u00fcr die Versammlung mussten sich Maya Burkard und <span data-scaytid=\"5\">Micheal<\/span> Probst entschuldigen, erkl\u00e4rten aber bereits zum Voraus ihren Beitritt. Die Theatergruppe startet somit mit der erfreulichen Zahl von 30 Mitgliedern in eine hoffentlich erfolgreiche Zukunft.<\/span><\/p>\n<p><span style=\"font-family: Verdana, Arial, Helvetica, sans-serif;font-size: small\">Nun galt es, die Organe zu besetzen. Als erstes wurden in einer Powerpoint-Pr\u00e4sentation die Kandidatinnen und Kandidaten f\u00fcr den Vorstand vorgestellt. Cecilia <span data-scaytid=\"7\">Englund<\/span>, Michael Probst, Ludwig Stecher, Claudia <span data-scaytid=\"8\">Villiger<\/span> und Paul Z\u00fcrcher hatten sich bereits vorg\u00e4ngig bereit erkl\u00e4rt, im Vorstand mitzuwirken. Ihre Wahl erfolgte diskussionslos und ohne Gegenstimme. Ludwig Stecher wurde mit Applaus zum Pr\u00e4sidenten gew\u00e4hlt. Die restlichen Funktionen wird der Vorstand in seiner ersten Sitzung unter sich aufteilen. Ebenfalls z\u00fcgig erfolgte die Wahl der zwei Rechnungsrevisorinnen Maya Burkard und Daniela Rogenmoser und ebenfalls diskussionslos wurde die <span data-scaytid=\"9\">Spiko<\/span> mit Frieda B\u00fchlmann, Hanna Gehrig und Michelle <span data-scaytid=\"10\">Huwiler<\/span> besetzt. Von welchen Faktoren ein Budget bestimmt wird, zeigte Ludwig kurz auf und machte damit klar, dass dies nat\u00fcrlich erst nach der Gr\u00fcndung erstellt werden kann. Ein wichtiger Punkt ist auch immer der Jahresbeitrag. Dieser wurde auf Fr. 30.00 pro Person festgelegt und gilt f\u00fcr Aktiv- wie Passivmitglieder. F\u00fcr eine finanziell gesunde Basis sorgt sicher das Startkapital, das von Turnverein, Damen- und M\u00e4nnerriege mit je Fr. 800.00 best\u00fcckt wurde. Hauptevent im Jahresprogramm werden die Theaterauff\u00fchrungen im November sein. Daneben wird mit ca. zwei bis drei weiteren Vereinsanl\u00e4ssen zu rechnen sein. Nach diesen Ausf\u00fchrungen und dem Dank an die Partnervereine f\u00fcr den <span data-scaytid=\"11\">grossz\u00fcgigen<\/span> finanziellen Zustupf machte es Ludwig nochmals spannend. Will sich ein Verein in der \u00d6ffentlichkeit pr\u00e4sentieren und auf sich aufmerksam machen, kommt er um ein pr\u00e4gnantes Logo nicht herum. Zum Abschluss des offiziellen Teils <span data-scaytid=\"12\">hiess<\/span> es \u201eVorhang auf&#187; und bereits prangte unser Vereinslogo an der Wand. Das von Ren\u00e9 Burkard bewusst schlicht gestaltete Logo wurde mit <span data-scaytid=\"13\">grossem<\/span> Applaus aufgenommen. <\/span><\/p>\n<p><span style=\"font-family: Verdana, Arial, Helvetica, sans-serif\"><span style=\"font-size: small\">Der <span data-scaytid=\"14\">anschliessende<\/span> <span data-scaytid=\"15\">Ap\u00e9ro<\/span>, gespendet vom Turnverein <span data-scaytid=\"6\">STV<\/span> Auw, bot Gelegenheit auf eine erfolgreiche Zukunft der Theatergruppe Auw <span data-scaytid=\"17\">anzustossen<\/span>.<\/span><\/span><\/p>\n<\/div>\n<\/div>\n<\/div>\n<\/div>\n<p>[\/et_pb_text][\/et_pb_column][\/et_pb_row][\/et_pb_section]<\/p>\n","protected":false},"excerpt":{"rendered":"<p>GR\u00dcNDUNGSVERSAMMLUNG hg Am Mittwoch, 28. Mai 2008 wurde die Theatergruppe Auw aus der Taufe gehoben. Philipp Rebsamen, Pr\u00e4sident des Turnverein STV Auw, konnte 36 Anwesende zu diesem historischen Abend begr\u00fcssen. Mit der japanischen Weisheit \u201eSelbst ein Weg von tausend Meilen beginnt mit einem Schritt&#187; er\u00f6ffnete er die Versammlung. Gedanken zur Gr\u00fcndung einer Theatergruppe wurden bereits [&hellip;]<\/p>\n","protected":false},"author":6,"featured_media":0,"parent":0,"menu_order":0,"comment_status":"closed","ping_status":"closed","template":"","meta":{"_et_pb_use_builder":"on","_et_pb_old_content":"","_et_gb_content_width":"","footnotes":""},"class_list":["post-55","page","type-page","status-publish","hentry"],"_links":{"self":[{"href":"https:\/\/stvauw.ch\/theatergruppe\/wp-json\/wp\/v2\/pages\/55","targetHints":{"allow":["GET"]}}],"collection":[{"href":"https:\/\/stvauw.ch\/theatergruppe\/wp-json\/wp\/v2\/pages"}],"about":[{"href":"https:\/\/stvauw.ch\/theatergruppe\/wp-json\/wp\/v2\/types\/page"}],"author":[{"embeddable":true,"href":"https:\/\/stvauw.ch\/theatergruppe\/wp-json\/wp\/v2\/users\/6"}],"replies":[{"embeddable":true,"href":"https:\/\/stvauw.ch\/theatergruppe\/wp-json\/wp\/v2\/comments?post=55"}],"version-history":[{"count":2,"href":"https:\/\/stvauw.ch\/theatergruppe\/wp-json\/wp\/v2\/pages\/55\/revisions"}],"predecessor-version":[{"id":70,"href":"https:\/\/stvauw.ch\/theatergruppe\/wp-json\/wp\/v2\/pages\/55\/revisions\/70"}],"wp:attachment":[{"href":"https:\/\/stvauw.ch\/theatergruppe\/wp-json\/wp\/v2\/media?parent=55"}],"curies":[{"name":"wp","href":"https:\/\/api.w.org\/{rel}","templated":true}]}}